{"id":618,"date":"2024-04-22T17:14:40","date_gmt":"2024-04-22T15:14:40","guid":{"rendered":"https:\/\/kunden.weissblaumedia.de\/msm-may\/?page_id=618"},"modified":"2024-10-11T14:36:17","modified_gmt":"2024-10-11T12:36:17","slug":"vielen-dank-fuer-ihre-bewerbung","status":"publish","type":"page","link":"https:\/\/msm-may.com\/en\/vielen-dank-fuer-ihre-bewerbung\/","title":{"rendered":"Thank you for your application"},"content":{"rendered":"<p>[et_pb_section fb_built=\u201d1\u2033 custom_padding_last_edited=\u201don|tablet\u201d admin_label=\u201dHeader\u201d _builder_version=\u201d4.22.1\u2033 background_color=\u201d#000000\u2033 use_background_color_gradient=\u201don\u201d background_color_gradient_direction=\u201d37deg\u201d background_color_gradient_stops=&quot;rgba(0,0,0,0.83) 32%|rgba(249,249,249,0) 70%&quot; background_color_gradient_overlays_image=&quot;on&quot; background_color_gradient_start=&quot;#d7dced&quot; background_color_gradient_start_position=&quot;46%&quot; background_color_gradient_end=&quot;rgba(249,249,249,0)&quot; background_image=&quot;https:\/\/msm-may.com\/wp-content\/uploads\/2023\/04\/stage-4.jpg&quot; background_position=&quot;bottom_center&quot; custom_padding=&quot;20px||20px||true|false&quot; custom_padding_tablet=&quot;0px||||false|false&quot; custom_padding_phone=&quot;&quot; background_last_edited=&quot;off|phone&quot; background_color_gradient_stops_tablet=&quot;#d7dced 60%|rgba(249,249,249,0) 60%&quot; background_color_gradient_stops_phone=\u201c#d7dced 80%|rgba(249,249,249,0) 80%&quot; background_color_gradient_start_position_tablet=&quot;60%&quot; background_color_gradient_start_position_phone=&quot;80%&quot; background_color_gradient_end_position_tablet=&quot;60%&quot; background_color_gradient_end_position_phone=&quot;80%&quot; box_shadow_horizontal_tablet=&quot;0vw&quot; box_shadow_horizontal_phone=\u201d\u201d box_shadow_horizontal_last_edited=\u201don|phone\u201d global_colors_info=\u201d{}\u201d][et_pb_row _builder_version=\u201d4.20.4\u2033 background_enable_image=\u201doff\u201d background_size=\u201dcustom\u201d background_image_width=\u201d80px\u201d background_position=\u201dtop_left\u201d custom_padding=\u201c0px||||false|false\u201d global_colors_info=\u201d{}\u201d][et_pb_column type=\u201d4_4\u2033 _builder_version=\u201d4.16\u2033 global_colors_info=\u201d{}\u201d][et_pb_image src=\u201dhttps:\/\/msm-may.com\/wp-content\/uploads\/2023\/04\/logo-1.png\u201d title_text=\u201dlogo\u201d url=\u201dhttps:\/\/msm-may.com\/\u201d _builder_version=\u201d4.22.1\u2033 _module_preset=\u201ddefault\u201d max_width=\u201d60px\u201d global_colors_info=\u201d{}\u201d][\/et_pb_image][et_pb_text _builder_version=\u201d4.24.3\u2033 text_font=\u201cRoboto||||||||\u201c header_font=\u201cTitillium Web|700|||||||\u201c header_text_color=&quot;#FFFFFF&quot; header_font_size=&quot;75px&quot; header_line_height=&quot;1.4em&quot; header_2_font=&quot;Titillium Web||||||||&quot; header_2_text_color=&quot;#FFFFFF&quot; header_2_font_size=&quot;40px&quot; header_2_line_height=&quot;1.6em&quot; header_3_font=&quot;Titillium Web||||||||&quot; header_3_text_color=&quot;#FFFFFF&quot; header_3_font_size=&quot;40px&quot; header_3_line_height=&quot;1.6em&quot; background_enable_image=&quot;off&quot; background_size=&quot;custom&quot; background_image_width=&quot;100px&quot; background_position=&quot;top_left&quot; custom_padding=&quot;0px||0px||false|false&quot; header_font_size_tablet=\u201d50px\u201d header_font_size_phone=\u201d30px\u201d header_font_size_last_edited=\u201don|phone\u201d global_colors_info=\u201d{}\u201d]<\/p>\n<h1>online application<\/h1>\n<p>[\/et_pb_text]Edit background_size=&quot;contain&quot; background_position=&quot;center_left&quot; custom_padding=&quot;||110px||false|false&quot; custom_padding_tablet=&quot;||48px||false|false&quot; custom_padding_phone=&quot;&quot; locked=&quot;off&quot; global_colors_info=&quot;{}&quot;][et_pb_row column_structure=&quot;2_3,1_3\u2033 make_equal=&quot;on&quot; custom_padding_last_edited=\u201don|phone\u201d _builder_version=\u201d4.24.3\u2033 custom_padding=\u201d||||false|false\u201d custom_padding_tablet=\u201d|||0vw|false|false\u201d custom_padding_phone=\u201d\u201d locked=\u201doff\u201d global_colors_info=\u201d{}\u201d][et_pb_column type=\u201c2_3\u2033 _builder_version=\u201c4.16\u2033 global_colors_info=\u201c{}\u201c][et_pb_text _builder_version=\u201c4.24.3\u2033 text_font=\u201cRoboto||||||||\u201c header_2_font=\u201cTitillium Web|700|||||||\u201c header_2_font_size=&quot;35px&quot; header_2_line_height=&quot;1.4em&quot; header_3_font=&quot;Titillium Web|700|||||||&quot; header_3_text_color=&quot;#2461a4\u2033 header_3_font_size=&quot;18px&quot; header_3_line_height=&quot;1.6em&quot; max_width=&quot;600px&quot; custom_margin=&quot;||0px||false|false&quot; custom_padding=&quot;||||false|false&quot; header_2_font_size_tablet=&quot;40px&quot; header_2_font_size_phone=&quot;25px&quot; header_2_font_size_last_edited=&quot;on|desktop&quot; locked=&quot;off&quot; global_colors_info=&quot;{}&quot;]<\/p>\n<h3>MSM-May <strong>as employer<\/strong><\/h3>\n<h2><strong>Thank you for your application!<\/strong><\/h2>\n<p>[\/et_pb_text][et_pb_text _builder_version=\u201c4.24.3\u2033 text_font=\u201cTitillium Web||||||||\u201c text_text_color=\u201c#706f6f\u201c text_font_size=\u201c19px\u201c text_line_height=\u201c1.8em\u201c max_width=\u201c600px\u201c text_font_size_tablet=\u201c18px\u201c text_font_size_phone=\u201c15px\u201c text_font_size_last_edited=\u201con|phone\u201c locked=\u201coff\u201c global_colors_info=\u201c{}\u201c]Thank you for your application and the interest you have shown in our company. We assure you that we will treat your application confidentially.<\/p>\n<p>It will take some time to carefully review your documents. We will contact you as soon as possible.[\/et_pb_text][\/et_pb_column][et_pb_column type=\u201c1_3\u2033 _builder_version=\u201c4.24.3\u2033 background_color=\u201c#2461A4\u2033 custom_padding=\u201c30px|30px|30px|30px|true|true\u201c global_colors_info=\u201c{}\u201c][et_pb_blurb title=\u201cYour contact person\u201d image=\u201chttps:\/\/msm-may.com\/wp-content\/uploads\/2024\/04\/nico-may.jpg\u201c icon_alignment=\u201cleft\u201c _builder_version=\u201c4.24.3\u2033 _module_preset=\u201cdefault\u201c header_level=\u201ch2\u2033 header_font=\u201cTitillium Web|700|||||||\u201c header_text_color=\u201c#FFFFFF\u201d body_font=\u201cTitillium Web||||||||\u201c body_text_color=\u201d#FFFFFF\u201d body_font_size=\u201d19px\u201d body_font_size_tablet=\u201d19px\u201d body_font_size_phone=\u201d15px\u201d body_font_size_last_edited=\u201don|phone\u201d global_colors_info=\u201d{}\u201d]<\/p>\n<p><strong>Nico May<\/strong><\/p>\n<p>Managing Director of MSM-May<\/p>\n<p>[\/et_pb_blurb][\/et_pb_column][\/et_pb_row][\/et_pb_section]<\/p>","protected":false},"excerpt":{"rendered":"<p>Online Application MSM-May as an Employer Thank you for your application! Thank you for your application and the interest you have shown in our company. We assure you that we will treat your application confidentially. A careful review of your documents will take some time. We will contact you as soon as possible. Nico May Managing Director of [\u2026]<\/p>","protected":false},"author":1,"featured_media":0,"parent":0,"menu_order":0,"comment_status":"closed","ping_status":"closed","template":"","meta":{"_et_pb_use_builder":"on","_et_pb_old_content":"","_et_gb_content_width":"","footnotes":""},"class_list":["post-618","page","type-page","status-publish","hentry"],"yoast_head":"<!-- This site is optimized with the Yoast SEO plugin v27.2 - https:\/\/yoast.com\/product\/yoast-seo-wordpress\/ -->\n<title>Bewerbung erhalten | Vielen Dank \u2013 MSM-May GmbH<\/title>\n<meta name=\"description\" content=\"Vielen Dank f\u00fcr Ihre Bewerbung \u00fcber unser Onlineformular! Wir pr\u00fcfen Ihre Unterlagen sorgf\u00e4ltig und melden uns bald bei Ihnen.\" \/>\n<meta name=\"robots\" content=\"index, follow, max-snippet:-1, max-image-preview:large, max-video-preview:-1\" \/>\n<link rel=\"canonical\" href=\"https:\/\/msm-may.com\/en\/vielen-dank-fuer-ihre-bewerbung\/\" \/>\n<meta property=\"og:locale\" content=\"en_US\" \/>\n<meta property=\"og:type\" content=\"article\" \/>\n<meta property=\"og:title\" content=\"Bewerbung erhalten | Vielen Dank \u2013 MSM-May GmbH\" \/>\n<meta property=\"og:description\" content=\"Vielen Dank f\u00fcr Ihre Bewerbung \u00fcber unser Onlineformular! Wir pr\u00fcfen Ihre Unterlagen sorgf\u00e4ltig und melden uns bald bei Ihnen.\" \/>\n<meta property=\"og:url\" content=\"https:\/\/msm-may.com\/en\/vielen-dank-fuer-ihre-bewerbung\/\" \/>\n<meta property=\"og:site_name\" content=\"MSM - May GmbH\" \/>\n<meta property=\"article:modified_time\" content=\"2024-10-11T12:36:17+00:00\" \/>\n<meta name=\"twitter:card\" content=\"summary_large_image\" \/>\n<meta name=\"twitter:label1\" content=\"Est. reading time\" \/>\n\t<meta name=\"twitter:data1\" content=\"1 minute\" \/>\n<script type=\"application\/ld+json\" class=\"yoast-schema-graph\">{\"@context\":\"https:\/\/schema.org\",\"@graph\":[{\"@type\":\"WebPage\",\"@id\":\"https:\/\/msm-may.com\/vielen-dank-fuer-ihre-bewerbung\/\",\"url\":\"https:\/\/msm-may.com\/vielen-dank-fuer-ihre-bewerbung\/\",\"name\":\"Bewerbung erhalten | Vielen Dank \u2013 MSM-May GmbH\",\"isPartOf\":{\"@id\":\"https:\/\/msm-may.com\/#website\"},\"datePublished\":\"2024-04-22T15:14:40+00:00\",\"dateModified\":\"2024-10-11T12:36:17+00:00\",\"description\":\"Vielen Dank f\u00fcr Ihre Bewerbung \u00fcber unser Onlineformular! Wir pr\u00fcfen Ihre Unterlagen sorgf\u00e4ltig und melden uns bald bei Ihnen.\",\"breadcrumb\":{\"@id\":\"https:\/\/msm-may.com\/vielen-dank-fuer-ihre-bewerbung\/#breadcrumb\"},\"inLanguage\":\"en-US\",\"potentialAction\":[{\"@type\":\"ReadAction\",\"target\":[\"https:\/\/msm-may.com\/vielen-dank-fuer-ihre-bewerbung\/\"]}]},{\"@type\":\"BreadcrumbList\",\"@id\":\"https:\/\/msm-may.com\/vielen-dank-fuer-ihre-bewerbung\/#breadcrumb\",\"itemListElement\":[{\"@type\":\"ListItem\",\"position\":1,\"name\":\"Startseite\",\"item\":\"https:\/\/msm-may.com\/\"},{\"@type\":\"ListItem\",\"position\":2,\"name\":\"Vielen Dank f\u00fcr Ihre Bewerbung\"}]},{\"@type\":\"WebSite\",\"@id\":\"https:\/\/msm-may.com\/#website\",\"url\":\"https:\/\/msm-may.com\/\",\"name\":\"MSM - May GmbH\",\"description\":\"Spezialist f\u00fcr Biomasse-Feuerungen\",\"potentialAction\":[{\"@type\":\"SearchAction\",\"target\":{\"@type\":\"EntryPoint\",\"urlTemplate\":\"https:\/\/msm-may.com\/?s={search_term_string}\"},\"query-input\":{\"@type\":\"PropertyValueSpecification\",\"valueRequired\":true,\"valueName\":\"search_term_string\"}}],\"inLanguage\":\"en-US\"}]}<\/script>\n<!-- \/ Yoast SEO plugin. -->","yoast_head_json":{"title":"Bewerbung erhalten | Vielen Dank \u2013 MSM-May GmbH","description":"Vielen Dank f\u00fcr Ihre Bewerbung \u00fcber unser Onlineformular! Wir pr\u00fcfen Ihre Unterlagen sorgf\u00e4ltig und melden uns bald bei Ihnen.","robots":{"index":"index","follow":"follow","max-snippet":"max-snippet:-1","max-image-preview":"max-image-preview:large","max-video-preview":"max-video-preview:-1"},"canonical":"https:\/\/msm-may.com\/en\/vielen-dank-fuer-ihre-bewerbung\/","og_locale":"en_US","og_type":"article","og_title":"Bewerbung erhalten | Vielen Dank \u2013 MSM-May GmbH","og_description":"Vielen Dank f\u00fcr Ihre Bewerbung \u00fcber unser Onlineformular! Wir pr\u00fcfen Ihre Unterlagen sorgf\u00e4ltig und melden uns bald bei Ihnen.","og_url":"https:\/\/msm-may.com\/en\/vielen-dank-fuer-ihre-bewerbung\/","og_site_name":"MSM - May GmbH","article_modified_time":"2024-10-11T12:36:17+00:00","twitter_card":"summary_large_image","twitter_misc":{"Est. reading time":"1 minute"},"schema":{"@context":"https:\/\/schema.org","@graph":[{"@type":"WebPage","@id":"https:\/\/msm-may.com\/vielen-dank-fuer-ihre-bewerbung\/","url":"https:\/\/msm-may.com\/vielen-dank-fuer-ihre-bewerbung\/","name":"Bewerbung erhalten | Vielen Dank \u2013 MSM-May GmbH","isPartOf":{"@id":"https:\/\/msm-may.com\/#website"},"datePublished":"2024-04-22T15:14:40+00:00","dateModified":"2024-10-11T12:36:17+00:00","description":"Vielen Dank f\u00fcr Ihre Bewerbung \u00fcber unser Onlineformular! Wir pr\u00fcfen Ihre Unterlagen sorgf\u00e4ltig und melden uns bald bei Ihnen.","breadcrumb":{"@id":"https:\/\/msm-may.com\/vielen-dank-fuer-ihre-bewerbung\/#breadcrumb"},"inLanguage":"en-US","potentialAction":[{"@type":"ReadAction","target":["https:\/\/msm-may.com\/vielen-dank-fuer-ihre-bewerbung\/"]}]},{"@type":"BreadcrumbList","@id":"https:\/\/msm-may.com\/vielen-dank-fuer-ihre-bewerbung\/#breadcrumb","itemListElement":[{"@type":"ListItem","position":1,"name":"Startseite","item":"https:\/\/msm-may.com\/"},{"@type":"ListItem","position":2,"name":"Vielen Dank f\u00fcr Ihre Bewerbung"}]},{"@type":"WebSite","@id":"https:\/\/msm-may.com\/#website","url":"https:\/\/msm-may.com\/","name":"MSM - May GmbH","description":"Spezialist f\u00fcr Biomasse-Feuerungen","potentialAction":[{"@type":"SearchAction","target":{"@type":"EntryPoint","urlTemplate":"https:\/\/msm-may.com\/?s={search_term_string}"},"query-input":{"@type":"PropertyValueSpecification","valueRequired":true,"valueName":"search_term_string"}}],"inLanguage":"en-US"}]}},"_links":{"self":[{"href":"https:\/\/msm-may.com\/en\/wp-json\/wp\/v2\/pages\/618","targetHints":{"allow":["GET"]}}],"collection":[{"href":"https:\/\/msm-may.com\/en\/wp-json\/wp\/v2\/pages"}],"about":[{"href":"https:\/\/msm-may.com\/en\/wp-json\/wp\/v2\/types\/page"}],"author":[{"embeddable":true,"href":"https:\/\/msm-may.com\/en\/wp-json\/wp\/v2\/users\/1"}],"replies":[{"embeddable":true,"href":"https:\/\/msm-may.com\/en\/wp-json\/wp\/v2\/comments?post=618"}],"version-history":[{"count":3,"href":"https:\/\/msm-may.com\/en\/wp-json\/wp\/v2\/pages\/618\/revisions"}],"predecessor-version":[{"id":792,"href":"https:\/\/msm-may.com\/en\/wp-json\/wp\/v2\/pages\/618\/revisions\/792"}],"wp:attachment":[{"href":"https:\/\/msm-may.com\/en\/wp-json\/wp\/v2\/media?parent=618"}],"curies":[{"name":"wp","href":"https:\/\/api.w.org\/{rel}","templated":true}]}}