{"id":375,"date":"2023-09-19T12:01:35","date_gmt":"2023-09-19T10:01:35","guid":{"rendered":"https:\/\/kunden.weissblaumedia.de\/msm-may\/?page_id=375"},"modified":"2024-10-28T11:19:02","modified_gmt":"2024-10-28T10:19:02","slug":"impressum","status":"publish","type":"page","link":"https:\/\/msm-may.com\/es\/impressum\/","title":{"rendered":"imprimir"},"content":{"rendered":"<p>[et_pb_section fb_built=\u201d1\u2033 custom_padding_last_edited=\u201don|tablet\u201d admin_label=\u201dHeader\u201d _builder_version=\u201d4.22.1\u2033 background_color=\u201d#000000\u2033 use_background_color_gradient=\u201don\u201d background_color_gradient_direction=\u201d37deg\u201d background_color_gradient_stops=&quot;rgba(0,0,0,0.83) 32%|rgba(249,249,249,0) 70%&quot; background_color_gradient_overlays_image=&quot;on&quot; background_color_gradient_start=&quot;#d7dced&quot; background_color_gradient_start_position=&quot;46%&quot; degradado_de_color_de_fondo_final=&quot;rgba(249,249,249,0)&quot; imagen_de_fondo=&quot;https:\/\/msm-may.com\/wp-content\/uploads\/2023\/04\/stage-4.jpg&quot; posici\u00f3n_de_fondo=&quot;centro_inferior&quot; relleno_personalizado=&quot;20px||20px||verdadero|falso&quot; relleno_personalizado_tableta=&quot;0px||||falso|falso&quot; relleno_personalizado_tel\u00e9fono=&quot;&quot; \u00faltima_edici\u00f3n_de_fondo=&quot;desactivado|tel\u00e9fono&quot; degradado_de_color_de_fondo_detiene_tableta=&quot;#d7dced 60%|rgba(249,249,249,0) 60%&quot; degradado_de_color_de fondo_detiene_tel\u00e9fono=&quot;#d7dced 80%|rgba(249,249,249,0) 80%&quot; Posici\u00f3n inicial del gradiente de color de fondo_tableta=&quot;60%&quot; Posici\u00f3n inicial del gradiente de color de fondo_tel\u00e9fono=&quot;80%&quot; Posici\u00f3n final del gradiente de color de fondo_tableta=&quot;60%&quot; Posici\u00f3n final del gradiente de color de fondo_tel\u00e9fono=&quot;80%&quot; Sombra horizontal de caja_tableta=&quot;0vw&quot; Sombra horizontal de caja_tel\u00e9fono=&quot;&quot; \u00daltima edici\u00f3n de Sombra horizontal de caja_tel\u00e9fono=&quot;&quot; activado|tel\u00e9fono&quot; Informaci\u00f3n global de colores=&quot;{}&quot;][et_pb_row_builder_version=&quot;4.20.4&quot; Imagen habilitada de fondo=&quot;desactivada&quot; Tama\u00f1o de fondo=&quot;personalizado&quot; Ancho de imagen de fondo=&quot;80px&quot; Posici\u00f3n de fondo=&quot;arriba a la izquierda&quot; Relleno personalizado=&quot;0px||||falso|falso&quot; Informaci\u00f3n global de colores=&quot;{}&quot;][et_pb_column tipo=\u201d4_4\u2033 _builder_version=\u201d4.16\u2033 global_colors_info=\u201d{}\u201d][et_pb_image src=\u201dhttps:\/\/msm-may.com\/wp-content\/uploads\/2023\/04\/logo-1.png\u201d t\u00edtulo_texto=\u201dlogotipo\u201d url=\u201dhttps:\/\/msm-may.com\/\u201d _builder_version=\u201d4.22.1\u2033 _module_preset=\u201dpredeterminado\u201d ancho_m\u00e1ximo=\u201d60px\u201d global_colors_info=\u201d{}\u201d][\/et_pb_image][et_pb_text _builder_version=\u201d4.22.1\u2033 fuente_texto=\u201cRoboto||||||||\u201c fuente_encabezado=\u201cTitillium Web|700|||||||\u201c color_del_texto_del_encabezado=&quot;#FFFFFF&quot; tama\u00f1o_de_fuente_del_encabezado=&quot;75px&quot; altura_de_l\u00ednea_del_encabezado=&quot;1.4em&quot; fuente_del_encabezado_2=&quot;Web_de_Titillium||||||||&quot; color_del_texto_del_encabezado=&quot;#FFFFFF&quot; tama\u00f1o_de_fuente_del_encabezado_2=&quot;40px&quot; altura_de_l\u00ednea_del_encabezado_2=&quot;1.6em&quot; fuente_del_encabezado_3=&quot;Web_de_Titillium||||||||&quot; color_texto_encabezado_3=&quot;#FFFFFF&quot; tama\u00f1o_fuente_encabezado_3=&quot;40px&quot; altura_l\u00ednea_encabezado_3=&quot;1.6em&quot; imagen_activada_fondo=&quot;desactivada&quot; tama\u00f1o_fondo=&quot;personalizado&quot; ancho_imagen_fondo=&quot;100px&quot; posici\u00f3n_fondo=&quot;arriba_izquierda&quot; relleno_personalizado=&quot;0px||0px||falso|falso&quot; tama\u00f1o_fuente_encabezado_tableta=\u201d50px\u201d tama\u00f1o_fuente_encabezado_tel\u00e9fono=\u201d30px\u201d tama\u00f1o_fuente_encabezado_\u00faltima_edici\u00f3n=\u201dactivado|tel\u00e9fono\u201d informaci\u00f3n_colores_globales=\u201d{}\u201d]<\/p>\n<h1>imprimir<\/h1>\n<p>[\/et_pb_text]Editar background_size=&quot;contain&quot; background_position=&quot;center_left&quot; custom_padding=&quot;||110px||false|false&quot; custom_padding_tablet=&quot;||48px||false|false&quot; custom_padding_phone=&quot;&quot; locking=&quot;off&quot; global_colors_info=&quot;{}&quot;][et_pb_row column_structure=&quot;3_5,2_5\u2033 custom_padding_last_edited=&quot;on|phone&quot; _builder_version=&quot;4.22.1\u2033 custom_padding=&quot;||||false|false&quot; custom_padding_tablet=&quot;|||0vw|false|false&quot; custom_padding_phone=&quot;&quot; locking=&quot;off&quot; global_colors_info=&quot;{}&quot;][et_pb_column type=&quot;3_5\u2033 _builder_version=&quot;4.16\u2033 informaci\u00f3n_de_colores_globales=\u201c{}\u201c][et_pb_text _builder_version=\u201c4.27.2\u2033 fuente_de_texto=\u201cTitillium Web||||||||\u201c color_texto=&quot;#706f6f&quot; tama\u00f1o_fuente_texto=&quot;19px&quot; altura_l\u00ednea_texto=&quot;1.8em&quot; encabezado_2_fuente=&quot;Titillium Web|700|||||||&quot; tama\u00f1o_fuente_encabezado=&quot;40px&quot; altura_l\u00ednea_encabezado=&quot;1.4em&quot; encabezado_3_fuente=&quot;Titillium Web|700|||||||&quot; color_texto_encabezado=&quot;#2461a4&quot; tama\u00f1o_fuente_encabezado=&quot;18px&quot; altura_l\u00ednea_encabezado=&quot;1.6em&quot; hover_enabled=&quot;0&quot; tama\u00f1o_fuente_tablet=&quot;18px&quot; tama\u00f1o_fuente_texto_tel\u00e9fono=&quot;15px&quot; tama\u00f1o_fuente_texto_\u00faltima_edici\u00f3n=&quot;en|tel\u00e9fono&quot; tama\u00f1o_fuente_tablet=&quot;40px&quot; tama\u00f1o de fuente del encabezado 2_tel\u00e9fono=\u201d25px\u201d tama\u00f1o de fuente del encabezado 2_\u00faltima edici\u00f3n=\u201den|escritorio\u201d informaci\u00f3n de colores globales=\u201d{}\u201d habilitado permanente=\u201d0\u2033]<div style=\"word-wrap: break-word;\">\r\n<p>MSM-May GmbH<br \/>\r\nCalle Philipp 14<br \/>\r\nD-58579 Schalksm\u00fchle<\/p>\r\n\r\n<p>Registro mercantil: HRB: 4692<br \/>\r\nTribunal de registro: Tribunal de distrito de L\u00fcdenscheid<\/p>\r\n\r\n<p><strong>Representado por:<\/strong><br \/>\r\nNico May, Manfred May<\/p>\r\n\r\n<h2>Contacto<\/h2>\r\n<p>Tel\u00e9fono: +49 (0) 2353 66 79 00 2<br \/>\r\nFax: +49 (0) 2353 6679 00 1<br \/>\r\nCorreo electr\u00f3nico: mail@msm-may.com<\/p>\r\n\r\n<h2>N\u00famero de IVA<\/h2>\r\n<p>N\u00famero de identificaci\u00f3n del impuesto sobre las ventas de conformidad con el art\u00edculo 27a de la Ley del Impuesto sobre las Ventas:<br \/>\r\nN\u00famero de identificaci\u00f3n fiscal: DE812318068<\/p>\r\n\r\n<h2>Fuentes de las im\u00e1genes y gr\u00e1ficos utilizados:<\/h2>\r\n<p>Shutterstock.com<\/p>\r\n\r\n<h2>Resoluci\u00f3n de disputas de la UE<\/h2>\r\n<p>La Comisi\u00f3n Europea proporciona una plataforma para la resoluci\u00f3n de disputas (OS) en l\u00ednea: <a href=\"https:\/\/ec.europa.eu\/consumers\/odr\/\" target=\"_blank\" rel=\"noopener noreferrer\">https:\/\/ec.europa.eu\/consumers\/odr\/<\/a>.<br \/> Puede encontrar nuestra direcci\u00f3n de correo electr\u00f3nico en el aviso legal anterior.<\/p>\r\n\r\n<h2>Resoluci\u00f3n de disputas de consumo\/junta de arbitraje universal<\/h2>\r\n<p>No estamos dispuestos ni obligados a participar en procedimientos de resoluci\u00f3n de disputas ante una junta arbitral de consumo.<\/p><\/div>[\/et_pb_text][\/et_pb_column][et_pb_column tipo=\u201c2_5\u2033 _builder_version=\u201c4.16\u2033 global_colors_info=\u201c{}\u201c][\/et_pb_column][\/et_pb_row][\/et_pb_section]<\/p>","protected":false},"excerpt":{"rendered":"<p>imprimir<div style=\"word-wrap: break-word;\">\r\n<p>MSM-May GmbH<br \/>\r\nCalle Philipp 14<br \/>\r\nD-58579 Schalksm\u00fchle<\/p>\r\n\r\n<p>Registro mercantil: HRB: 4692<br \/>\r\nTribunal de registro: Tribunal de distrito de L\u00fcdenscheid<\/p>\r\n\r\n<p><strong>Representado por:<\/strong><br \/>\r\nNico May, Manfred May<\/p>\r\n\r\n<h2>Contacto<\/h2>\r\n<p>Tel\u00e9fono: +49 (0) 2353 66 79 00 2<br \/>\r\nFax: +49 (0) 2353 6679 00 1<br \/>\r\nCorreo electr\u00f3nico: mail@msm-may.com<\/p>\r\n\r\n<h2>N\u00famero de IVA<\/h2>\r\n<p>N\u00famero de identificaci\u00f3n del impuesto sobre las ventas de conformidad con el art\u00edculo 27a de la Ley del Impuesto sobre las Ventas:<br \/>\r\nN\u00famero de identificaci\u00f3n fiscal: DE812318068<\/p>\r\n\r\n<h2>Fuentes de las im\u00e1genes y gr\u00e1ficos utilizados:<\/h2>\r\n<p>Shutterstock.com<\/p>\r\n\r\n<h2>Resoluci\u00f3n de disputas de la UE<\/h2>\r\n<p>La Comisi\u00f3n Europea proporciona una plataforma para la resoluci\u00f3n de disputas (OS) en l\u00ednea: <a href=\"https:\/\/ec.europa.eu\/consumers\/odr\/\" target=\"_blank\" rel=\"noopener noreferrer\">https:\/\/ec.europa.eu\/consumers\/odr\/<\/a>.<br \/> Puede encontrar nuestra direcci\u00f3n de correo electr\u00f3nico en el aviso legal anterior.<\/p>\r\n\r\n<h2>Resoluci\u00f3n de disputas de consumo\/junta de arbitraje universal<\/h2>\r\n<p>No estamos dispuestos ni obligados a participar en procedimientos de resoluci\u00f3n de disputas ante una junta arbitral de consumo.<\/p><\/div><\/p>","protected":false},"author":1,"featured_media":0,"parent":0,"menu_order":0,"comment_status":"closed","ping_status":"closed","template":"","meta":{"_et_pb_use_builder":"on","_et_pb_old_content":"","_et_gb_content_width":"","footnotes":""},"class_list":["post-375","page","type-page","status-publish","hentry"],"yoast_head":"<!-- This site is optimized with the Yoast SEO plugin v27.2 - https:\/\/yoast.com\/product\/yoast-seo-wordpress\/ -->\n<title>Impressum der MSM-May GmbH | Unternehmensinformationen<\/title>\n<meta name=\"description\" content=\"Rechtliche Hinweise und Kontaktinformationen (Standort, Telefon und E-Mail) der MSM-May GmbH. Alles Wichtige auf einen Blick.\" \/>\n<meta name=\"robots\" content=\"index, follow, max-snippet:-1, max-image-preview:large, max-video-preview:-1\" \/>\n<link rel=\"canonical\" href=\"https:\/\/msm-may.com\/es\/impressum\/\" \/>\n<meta property=\"og:locale\" content=\"es_ES\" \/>\n<meta property=\"og:type\" content=\"article\" \/>\n<meta property=\"og:title\" content=\"Impressum der MSM-May GmbH | Unternehmensinformationen\" \/>\n<meta property=\"og:description\" content=\"Rechtliche Hinweise und Kontaktinformationen (Standort, Telefon und E-Mail) der MSM-May GmbH. Alles Wichtige auf einen Blick.\" \/>\n<meta property=\"og:url\" content=\"https:\/\/msm-may.com\/es\/impressum\/\" \/>\n<meta property=\"og:site_name\" content=\"MSM - May GmbH\" \/>\n<meta property=\"article:modified_time\" content=\"2024-10-28T10:19:02+00:00\" \/>\n<meta name=\"twitter:card\" content=\"summary_large_image\" \/>\n<meta name=\"twitter:label1\" content=\"Tiempo de lectura\" \/>\n\t<meta name=\"twitter:data1\" content=\"3 minutos\" \/>\n<script type=\"application\/ld+json\" class=\"yoast-schema-graph\">{\"@context\":\"https:\/\/schema.org\",\"@graph\":[{\"@type\":\"WebPage\",\"@id\":\"https:\/\/msm-may.com\/impressum\/\",\"url\":\"https:\/\/msm-may.com\/impressum\/\",\"name\":\"Impressum der MSM-May GmbH | Unternehmensinformationen\",\"isPartOf\":{\"@id\":\"https:\/\/msm-may.com\/#website\"},\"datePublished\":\"2023-09-19T10:01:35+00:00\",\"dateModified\":\"2024-10-28T10:19:02+00:00\",\"description\":\"Rechtliche Hinweise und Kontaktinformationen (Standort, Telefon und E-Mail) der MSM-May GmbH. Alles Wichtige auf einen Blick.\",\"breadcrumb\":{\"@id\":\"https:\/\/msm-may.com\/impressum\/#breadcrumb\"},\"inLanguage\":\"es\",\"potentialAction\":[{\"@type\":\"ReadAction\",\"target\":[\"https:\/\/msm-may.com\/impressum\/\"]}]},{\"@type\":\"BreadcrumbList\",\"@id\":\"https:\/\/msm-may.com\/impressum\/#breadcrumb\",\"itemListElement\":[{\"@type\":\"ListItem\",\"position\":1,\"name\":\"Startseite\",\"item\":\"https:\/\/msm-may.com\/\"},{\"@type\":\"ListItem\",\"position\":2,\"name\":\"Impressum\"}]},{\"@type\":\"WebSite\",\"@id\":\"https:\/\/msm-may.com\/#website\",\"url\":\"https:\/\/msm-may.com\/\",\"name\":\"MSM - May GmbH\",\"description\":\"Spezialist f\u00fcr Biomasse-Feuerungen\",\"potentialAction\":[{\"@type\":\"SearchAction\",\"target\":{\"@type\":\"EntryPoint\",\"urlTemplate\":\"https:\/\/msm-may.com\/?s={search_term_string}\"},\"query-input\":{\"@type\":\"PropertyValueSpecification\",\"valueRequired\":true,\"valueName\":\"search_term_string\"}}],\"inLanguage\":\"es\"}]}<\/script>\n<!-- \/ Yoast SEO plugin. -->","yoast_head_json":{"title":"Impressum der MSM-May GmbH | Unternehmensinformationen","description":"Rechtliche Hinweise und Kontaktinformationen (Standort, Telefon und E-Mail) der MSM-May GmbH. Alles Wichtige auf einen Blick.","robots":{"index":"index","follow":"follow","max-snippet":"max-snippet:-1","max-image-preview":"max-image-preview:large","max-video-preview":"max-video-preview:-1"},"canonical":"https:\/\/msm-may.com\/es\/impressum\/","og_locale":"es_ES","og_type":"article","og_title":"Impressum der MSM-May GmbH | Unternehmensinformationen","og_description":"Rechtliche Hinweise und Kontaktinformationen (Standort, Telefon und E-Mail) der MSM-May GmbH. Alles Wichtige auf einen Blick.","og_url":"https:\/\/msm-may.com\/es\/impressum\/","og_site_name":"MSM - May GmbH","article_modified_time":"2024-10-28T10:19:02+00:00","twitter_card":"summary_large_image","twitter_misc":{"Tiempo de lectura":"3 minutos"},"schema":{"@context":"https:\/\/schema.org","@graph":[{"@type":"WebPage","@id":"https:\/\/msm-may.com\/impressum\/","url":"https:\/\/msm-may.com\/impressum\/","name":"Impressum der MSM-May GmbH | Unternehmensinformationen","isPartOf":{"@id":"https:\/\/msm-may.com\/#website"},"datePublished":"2023-09-19T10:01:35+00:00","dateModified":"2024-10-28T10:19:02+00:00","description":"Rechtliche Hinweise und Kontaktinformationen (Standort, Telefon und E-Mail) der MSM-May GmbH. Alles Wichtige auf einen Blick.","breadcrumb":{"@id":"https:\/\/msm-may.com\/impressum\/#breadcrumb"},"inLanguage":"es","potentialAction":[{"@type":"ReadAction","target":["https:\/\/msm-may.com\/impressum\/"]}]},{"@type":"BreadcrumbList","@id":"https:\/\/msm-may.com\/impressum\/#breadcrumb","itemListElement":[{"@type":"ListItem","position":1,"name":"Startseite","item":"https:\/\/msm-may.com\/"},{"@type":"ListItem","position":2,"name":"Impressum"}]},{"@type":"WebSite","@id":"https:\/\/msm-may.com\/#website","url":"https:\/\/msm-may.com\/","name":"MSM - May GmbH","description":"Spezialist f\u00fcr Biomasse-Feuerungen","potentialAction":[{"@type":"SearchAction","target":{"@type":"EntryPoint","urlTemplate":"https:\/\/msm-may.com\/?s={search_term_string}"},"query-input":{"@type":"PropertyValueSpecification","valueRequired":true,"valueName":"search_term_string"}}],"inLanguage":"es"}]}},"_links":{"self":[{"href":"https:\/\/msm-may.com\/es\/wp-json\/wp\/v2\/pages\/375","targetHints":{"allow":["GET"]}}],"collection":[{"href":"https:\/\/msm-may.com\/es\/wp-json\/wp\/v2\/pages"}],"about":[{"href":"https:\/\/msm-may.com\/es\/wp-json\/wp\/v2\/types\/page"}],"author":[{"embeddable":true,"href":"https:\/\/msm-may.com\/es\/wp-json\/wp\/v2\/users\/1"}],"replies":[{"embeddable":true,"href":"https:\/\/msm-may.com\/es\/wp-json\/wp\/v2\/comments?post=375"}],"version-history":[{"count":10,"href":"https:\/\/msm-may.com\/es\/wp-json\/wp\/v2\/pages\/375\/revisions"}],"predecessor-version":[{"id":816,"href":"https:\/\/msm-may.com\/es\/wp-json\/wp\/v2\/pages\/375\/revisions\/816"}],"wp:attachment":[{"href":"https:\/\/msm-may.com\/es\/wp-json\/wp\/v2\/media?parent=375"}],"curies":[{"name":"wp","href":"https:\/\/api.w.org\/{rel}","templated":true}]}}