{"id":618,"date":"2024-04-22T17:14:40","date_gmt":"2024-04-22T15:14:40","guid":{"rendered":"https:\/\/kunden.weissblaumedia.de\/msm-may\/?page_id=618"},"modified":"2024-10-11T14:36:17","modified_gmt":"2024-10-11T12:36:17","slug":"vielen-dank-fuer-ihre-bewerbung","status":"publish","type":"page","link":"https:\/\/msm-may.com\/es\/vielen-dank-fuer-ihre-bewerbung\/","title":{"rendered":"Gracias por tu solicitud"},"content":{"rendered":"<p>[et_pb_section fb_built=\u201d1\u2033 custom_padding_last_edited=\u201don|tablet\u201d admin_label=\u201dHeader\u201d _builder_version=\u201d4.22.1\u2033 background_color=\u201d#000000\u2033 use_background_color_gradient=\u201don\u201d background_color_gradient_direction=\u201d37deg\u201d background_color_gradient_stops=&quot;rgba(0,0,0,0.83) 32%|rgba(249,249,249,0) 70%&quot; background_color_gradient_overlays_image=&quot;on&quot; background_color_gradient_start=&quot;#d7dced&quot; background_color_gradient_start_position=&quot;46%&quot; degradado_de_color_de_fondo_final=&quot;rgba(249,249,249,0)&quot; imagen_de_fondo=&quot;https:\/\/msm-may.com\/wp-content\/uploads\/2023\/04\/stage-4.jpg&quot; posici\u00f3n_de_fondo=&quot;centro_inferior&quot; relleno_personalizado=&quot;20px||20px||verdadero|falso&quot; relleno_personalizado_tableta=&quot;0px||||falso|falso&quot; relleno_personalizado_tel\u00e9fono=&quot;&quot; \u00faltima_edici\u00f3n_de_fondo=&quot;desactivado|tel\u00e9fono&quot; degradado_de_color_de_fondo_detiene_tableta=&quot;#d7dced 60%|rgba(249,249,249,0) 60%&quot; degradado_de_color_de fondo_detiene_tel\u00e9fono=&quot;#d7dced 80%|rgba(249,249,249,0) 80%&quot; Posici\u00f3n inicial del gradiente de color de fondo_tableta=&quot;60%&quot; Posici\u00f3n inicial del gradiente de color de fondo_tel\u00e9fono=&quot;80%&quot; Posici\u00f3n final del gradiente de color de fondo_tableta=&quot;60%&quot; Posici\u00f3n final del gradiente de color de fondo_tel\u00e9fono=&quot;80%&quot; Sombra horizontal de caja_tableta=&quot;0vw&quot; Sombra horizontal de caja_tel\u00e9fono=&quot;&quot; \u00daltima edici\u00f3n de Sombra horizontal de caja_tel\u00e9fono=&quot;&quot; activado|tel\u00e9fono&quot; Informaci\u00f3n global de colores=&quot;{}&quot;][et_pb_row_builder_version=&quot;4.20.4&quot; Imagen habilitada de fondo=&quot;desactivada&quot; Tama\u00f1o de fondo=&quot;personalizado&quot; Ancho de imagen de fondo=&quot;80px&quot; Posici\u00f3n de fondo=&quot;arriba a la izquierda&quot; Relleno personalizado=&quot;0px||||falso|falso&quot; Informaci\u00f3n global de colores=&quot;{}&quot;][et_pb_column tipo=\u201d4_4\u2033 _builder_version=\u201d4.16\u2033 global_colors_info=\u201d{}\u201d][et_pb_image src=\u201dhttps:\/\/msm-may.com\/wp-content\/uploads\/2023\/04\/logo-1.png\u201d t\u00edtulo_texto=\u201dlogotipo\u201d url=\u201dhttps:\/\/msm-may.com\/\u201d _builder_version=\u201d4.22.1\u2033 _module_preset=\u201dpredeterminado\u201d ancho_m\u00e1ximo=\u201d60px\u201d global_colors_info=\u201d{}\u201d][\/et_pb_image][et_pb_text _builder_version=\u201d4.24.3\u2033 fuente_texto=\u201cRoboto||||||||\u201c fuente_encabezado=\u201cTitillium Web|700|||||||\u201c color_del_texto_del_encabezado=&quot;#FFFFFF&quot; tama\u00f1o_de_fuente_del_encabezado=&quot;75px&quot; altura_de_l\u00ednea_del_encabezado=&quot;1.4em&quot; fuente_del_encabezado_2=&quot;Web_de_Titillium||||||||&quot; color_del_texto_del_encabezado=&quot;#FFFFFF&quot; tama\u00f1o_de_fuente_del_encabezado_2=&quot;40px&quot; altura_de_l\u00ednea_del_encabezado_2=&quot;1.6em&quot; fuente_del_encabezado_3=&quot;Web_de_Titillium||||||||&quot; color_texto_encabezado_3=&quot;#FFFFFF&quot; tama\u00f1o_fuente_encabezado_3=&quot;40px&quot; altura_l\u00ednea_encabezado_3=&quot;1.6em&quot; imagen_activada_fondo=&quot;desactivada&quot; tama\u00f1o_fondo=&quot;personalizado&quot; ancho_imagen_fondo=&quot;100px&quot; posici\u00f3n_fondo=&quot;arriba_izquierda&quot; relleno_personalizado=&quot;0px||0px||falso|falso&quot; tama\u00f1o_fuente_encabezado_tableta=\u201d50px\u201d tama\u00f1o_fuente_encabezado_tel\u00e9fono=\u201d30px\u201d tama\u00f1o_fuente_encabezado_\u00faltima_edici\u00f3n=\u201dactivado|tel\u00e9fono\u201d informaci\u00f3n_colores_globales=\u201d{}\u201d]<\/p>\n<h1>Solicitud en l\u00ednea<\/h1>\n<p>[\/et_pb_text]Editar background_size=&quot;contain&quot; background_position=&quot;center_left&quot; custom_padding=&quot;||110px||false|false&quot; custom_padding_tablet=&quot;||48px||false|false&quot; custom_padding_phone=&quot;&quot; locking=&quot;off&quot; global_colors_info=&quot;{}&quot;][et_pb_row column_structure=&quot;2_3,1_3\u2033 make_equal=&quot;on&quot; custom_padding_last_edited=&quot;on|phone&quot; _builder_version=&quot;4.24.3\u2033 custom_padding=&quot;||||false|false&quot; custom_padding_tablet=&quot;|||0vw|false|false&quot; custom_padding_phone=&quot;&quot; locking=&quot;off&quot; global_colors_info=&quot;{}&quot;][et_pb_column type=&quot;2_3\u2033 _builder_version=&quot;4.16\u2033 informaci\u00f3n_de_colores_globales=\u201c{}\u201c][et_pb_text _builder_version=\u201c4.24.3\u2033 fuente_de_texto=\u201cRoboto||||||||\u201c fuente_de_encabezado_2=\u201cTitillium Web|700|||||||\u201c tama\u00f1o_de_fuente_encabezado_2=&quot;35px&quot; altura_de_l\u00ednea_encabezado_2=&quot;1.4em&quot; tama\u00f1o_de_fuente_encabezado_3=&quot;Titillium Web|700|||||||&quot; color_de_texto_encabezado_3=&quot;#2461a4\u2033 tama\u00f1o_de_fuente_encabezado_3=&quot;18px&quot; altura_de_l\u00ednea_encabezado_3=&quot;1.6em&quot; ancho_m\u00e1ximo=&quot;600px&quot; margen_personalizado=&quot;||0px||falso|falso&quot; relleno_personalizado=&quot;||||falso|falso&quot; tama\u00f1o_de_fuente_encabezado_2_tableta=&quot;40px&quot; tama\u00f1o_de_fuente_encabezado_2_tel\u00e9fono=&quot;25px&quot; tama\u00f1o_de_fuente_encabezado_2_\u00faltima_edici\u00f3n=&quot;activado|escritorio&quot; bloqueado=&quot;desactivado&quot; informaci\u00f3n_de_colores_globales=&quot;{}&quot;]<\/p>\n<h3>MSM-May <strong>como empleador<\/strong><\/h3>\n<h2><strong>\u00a1Gracias por tu solicitud!<\/strong><\/h2>\n<p>Gracias por su solicitud y el inter\u00e9s que ha mostrado en nuestra empresa. Le aseguramos que trataremos su solicitud con total confidencialidad.<\/p>\n<p>Tomar\u00e1 alg\u00fan tiempo revisar cuidadosamente sus documentos. Nos pondremos en contacto contigo lo antes posible.[\/et_pb_text][\/et_pb_column][et_pb_column type=\u201c1_3\u2033 _builder_version=\u201c4.24.3\u2033 background_color=\u201c#2461A4\u2033 custom_padding=\u201c30px|30px|30px|30px|true|true\u201c global_colors_info=\u201c{}\u201c][et_pb_blurb title=\u201cTu persona de contacto\u201d image=\u201chttps:\/\/msm-may.com\/wp-content\/uploads\/2024\/04\/nico-may.jpg\u201c icon_alignment=\u201cleft\u201c _builder_version=\u201c4.24.3\u2033 _module_preset=\u201cdefault\u201c header_level=\u201ch2\u2033 header_font=\u201cTitillium Web|700|||||||\u201c color_del_texto_del_encabezado=\u201c#FFFFFF\u201d fuente_del_cuerpo=\u201cTitillium Web||||||||\u201c color_del_texto_del_cuerpo=\u201d#FFFFFF\u201d tama\u00f1o_de_fuente_del_cuerpo=\u201d19px\u201d tama\u00f1o_de_fuente_del_cuerpo_tablet=\u201d19px\u201d tama\u00f1o_de_fuente_del_cuerpo_phone=\u201d15px\u201d tama\u00f1o_de_fuente_del_cuerpo_\u00faltima_edici\u00f3n=\u201don|phone\u201d informaci\u00f3n_de_colores_globales=\u201d{}\u201d]<\/p>\n<p><strong>Nico May<\/strong><\/p>\n<p>Director General de MSM-May<\/p>\n<p>[\/et_pb_blurb][\/et_pb_column][\/et_pb_row][\/et_pb_section]<\/p>","protected":false},"excerpt":{"rendered":"<p>Solicitud en l\u00ednea para MSM-May como empleador. \u00a1Gracias por su solicitud! Gracias por su solicitud y el inter\u00e9s que ha demostrado en nuestra empresa. Le aseguramos que trataremos su solicitud con confidencialidad. La revisi\u00f3n minuciosa de sus documentos tomar\u00e1 tiempo. Nos pondremos en contacto con usted lo antes posible. Nico May, Director General de [\u2026]<\/p>","protected":false},"author":1,"featured_media":0,"parent":0,"menu_order":0,"comment_status":"closed","ping_status":"closed","template":"","meta":{"_et_pb_use_builder":"on","_et_pb_old_content":"","_et_gb_content_width":"","footnotes":""},"class_list":["post-618","page","type-page","status-publish","hentry"],"yoast_head":"<!-- This site is optimized with the Yoast SEO plugin v27.2 - https:\/\/yoast.com\/product\/yoast-seo-wordpress\/ -->\n<title>Bewerbung erhalten | Vielen Dank \u2013 MSM-May GmbH<\/title>\n<meta name=\"description\" content=\"Vielen Dank f\u00fcr Ihre Bewerbung \u00fcber unser Onlineformular! Wir pr\u00fcfen Ihre Unterlagen sorgf\u00e4ltig und melden uns bald bei Ihnen.\" \/>\n<meta name=\"robots\" content=\"index, follow, max-snippet:-1, max-image-preview:large, max-video-preview:-1\" \/>\n<link rel=\"canonical\" href=\"https:\/\/msm-may.com\/es\/vielen-dank-fuer-ihre-bewerbung\/\" \/>\n<meta property=\"og:locale\" content=\"es_ES\" \/>\n<meta property=\"og:type\" content=\"article\" \/>\n<meta property=\"og:title\" content=\"Bewerbung erhalten | Vielen Dank \u2013 MSM-May GmbH\" \/>\n<meta property=\"og:description\" content=\"Vielen Dank f\u00fcr Ihre Bewerbung \u00fcber unser Onlineformular! Wir pr\u00fcfen Ihre Unterlagen sorgf\u00e4ltig und melden uns bald bei Ihnen.\" \/>\n<meta property=\"og:url\" content=\"https:\/\/msm-may.com\/es\/vielen-dank-fuer-ihre-bewerbung\/\" \/>\n<meta property=\"og:site_name\" content=\"MSM - May GmbH\" \/>\n<meta property=\"article:modified_time\" content=\"2024-10-11T12:36:17+00:00\" \/>\n<meta name=\"twitter:card\" content=\"summary_large_image\" \/>\n<meta name=\"twitter:label1\" content=\"Tiempo de lectura\" \/>\n\t<meta name=\"twitter:data1\" content=\"1 minuto\" \/>\n<script type=\"application\/ld+json\" class=\"yoast-schema-graph\">{\"@context\":\"https:\/\/schema.org\",\"@graph\":[{\"@type\":\"WebPage\",\"@id\":\"https:\/\/msm-may.com\/vielen-dank-fuer-ihre-bewerbung\/\",\"url\":\"https:\/\/msm-may.com\/vielen-dank-fuer-ihre-bewerbung\/\",\"name\":\"Bewerbung erhalten | Vielen Dank \u2013 MSM-May GmbH\",\"isPartOf\":{\"@id\":\"https:\/\/msm-may.com\/#website\"},\"datePublished\":\"2024-04-22T15:14:40+00:00\",\"dateModified\":\"2024-10-11T12:36:17+00:00\",\"description\":\"Vielen Dank f\u00fcr Ihre Bewerbung \u00fcber unser Onlineformular! Wir pr\u00fcfen Ihre Unterlagen sorgf\u00e4ltig und melden uns bald bei Ihnen.\",\"breadcrumb\":{\"@id\":\"https:\/\/msm-may.com\/vielen-dank-fuer-ihre-bewerbung\/#breadcrumb\"},\"inLanguage\":\"es\",\"potentialAction\":[{\"@type\":\"ReadAction\",\"target\":[\"https:\/\/msm-may.com\/vielen-dank-fuer-ihre-bewerbung\/\"]}]},{\"@type\":\"BreadcrumbList\",\"@id\":\"https:\/\/msm-may.com\/vielen-dank-fuer-ihre-bewerbung\/#breadcrumb\",\"itemListElement\":[{\"@type\":\"ListItem\",\"position\":1,\"name\":\"Startseite\",\"item\":\"https:\/\/msm-may.com\/\"},{\"@type\":\"ListItem\",\"position\":2,\"name\":\"Vielen Dank f\u00fcr Ihre Bewerbung\"}]},{\"@type\":\"WebSite\",\"@id\":\"https:\/\/msm-may.com\/#website\",\"url\":\"https:\/\/msm-may.com\/\",\"name\":\"MSM - May GmbH\",\"description\":\"Spezialist f\u00fcr Biomasse-Feuerungen\",\"potentialAction\":[{\"@type\":\"SearchAction\",\"target\":{\"@type\":\"EntryPoint\",\"urlTemplate\":\"https:\/\/msm-may.com\/?s={search_term_string}\"},\"query-input\":{\"@type\":\"PropertyValueSpecification\",\"valueRequired\":true,\"valueName\":\"search_term_string\"}}],\"inLanguage\":\"es\"}]}<\/script>\n<!-- \/ Yoast SEO plugin. -->","yoast_head_json":{"title":"Bewerbung erhalten | Vielen Dank \u2013 MSM-May GmbH","description":"Vielen Dank f\u00fcr Ihre Bewerbung \u00fcber unser Onlineformular! Wir pr\u00fcfen Ihre Unterlagen sorgf\u00e4ltig und melden uns bald bei Ihnen.","robots":{"index":"index","follow":"follow","max-snippet":"max-snippet:-1","max-image-preview":"max-image-preview:large","max-video-preview":"max-video-preview:-1"},"canonical":"https:\/\/msm-may.com\/es\/vielen-dank-fuer-ihre-bewerbung\/","og_locale":"es_ES","og_type":"article","og_title":"Bewerbung erhalten | Vielen Dank \u2013 MSM-May GmbH","og_description":"Vielen Dank f\u00fcr Ihre Bewerbung \u00fcber unser Onlineformular! Wir pr\u00fcfen Ihre Unterlagen sorgf\u00e4ltig und melden uns bald bei Ihnen.","og_url":"https:\/\/msm-may.com\/es\/vielen-dank-fuer-ihre-bewerbung\/","og_site_name":"MSM - May GmbH","article_modified_time":"2024-10-11T12:36:17+00:00","twitter_card":"summary_large_image","twitter_misc":{"Tiempo de lectura":"1 minuto"},"schema":{"@context":"https:\/\/schema.org","@graph":[{"@type":"WebPage","@id":"https:\/\/msm-may.com\/vielen-dank-fuer-ihre-bewerbung\/","url":"https:\/\/msm-may.com\/vielen-dank-fuer-ihre-bewerbung\/","name":"Bewerbung erhalten | Vielen Dank \u2013 MSM-May GmbH","isPartOf":{"@id":"https:\/\/msm-may.com\/#website"},"datePublished":"2024-04-22T15:14:40+00:00","dateModified":"2024-10-11T12:36:17+00:00","description":"Vielen Dank f\u00fcr Ihre Bewerbung \u00fcber unser Onlineformular! Wir pr\u00fcfen Ihre Unterlagen sorgf\u00e4ltig und melden uns bald bei Ihnen.","breadcrumb":{"@id":"https:\/\/msm-may.com\/vielen-dank-fuer-ihre-bewerbung\/#breadcrumb"},"inLanguage":"es","potentialAction":[{"@type":"ReadAction","target":["https:\/\/msm-may.com\/vielen-dank-fuer-ihre-bewerbung\/"]}]},{"@type":"BreadcrumbList","@id":"https:\/\/msm-may.com\/vielen-dank-fuer-ihre-bewerbung\/#breadcrumb","itemListElement":[{"@type":"ListItem","position":1,"name":"Startseite","item":"https:\/\/msm-may.com\/"},{"@type":"ListItem","position":2,"name":"Vielen Dank f\u00fcr Ihre Bewerbung"}]},{"@type":"WebSite","@id":"https:\/\/msm-may.com\/#website","url":"https:\/\/msm-may.com\/","name":"MSM - May GmbH","description":"Spezialist f\u00fcr Biomasse-Feuerungen","potentialAction":[{"@type":"SearchAction","target":{"@type":"EntryPoint","urlTemplate":"https:\/\/msm-may.com\/?s={search_term_string}"},"query-input":{"@type":"PropertyValueSpecification","valueRequired":true,"valueName":"search_term_string"}}],"inLanguage":"es"}]}},"_links":{"self":[{"href":"https:\/\/msm-may.com\/es\/wp-json\/wp\/v2\/pages\/618","targetHints":{"allow":["GET"]}}],"collection":[{"href":"https:\/\/msm-may.com\/es\/wp-json\/wp\/v2\/pages"}],"about":[{"href":"https:\/\/msm-may.com\/es\/wp-json\/wp\/v2\/types\/page"}],"author":[{"embeddable":true,"href":"https:\/\/msm-may.com\/es\/wp-json\/wp\/v2\/users\/1"}],"replies":[{"embeddable":true,"href":"https:\/\/msm-may.com\/es\/wp-json\/wp\/v2\/comments?post=618"}],"version-history":[{"count":3,"href":"https:\/\/msm-may.com\/es\/wp-json\/wp\/v2\/pages\/618\/revisions"}],"predecessor-version":[{"id":792,"href":"https:\/\/msm-may.com\/es\/wp-json\/wp\/v2\/pages\/618\/revisions\/792"}],"wp:attachment":[{"href":"https:\/\/msm-may.com\/es\/wp-json\/wp\/v2\/media?parent=618"}],"curies":[{"name":"wp","href":"https:\/\/api.w.org\/{rel}","templated":true}]}}