{"id":375,"date":"2023-09-19T12:01:35","date_gmt":"2023-09-19T10:01:35","guid":{"rendered":"https:\/\/kunden.weissblaumedia.de\/msm-may\/?page_id=375"},"modified":"2024-10-28T11:19:02","modified_gmt":"2024-10-28T10:19:02","slug":"impressum","status":"publish","type":"page","link":"https:\/\/msm-may.com\/fr\/impressum\/","title":{"rendered":"imprimer"},"content":{"rendered":"<p>[et_pb_section fb_built=\u201d1\u2033 custom_padding_last_edited=\u201don|tablet\u201d admin_label=\u201dHeader\u201d _builder_version=\u201d4.22.1\u2033 background_color=\u201d#000000\u2033 use_background_color_gradient=\u201don\u201d background_color_gradient_direction=\u201d37deg\u201d background_color_gradient_stops=&quot;rgba(0,0,0,0.83) 32%|rgba(249,249,249,0) 70%&quot; background_color_gradient_overlays_image=&quot;on&quot; background_color_gradient_start=&quot;#d7dced&quot; background_color_gradient_start_position=&quot;46%&quot; background_color_gradient_end=&quot;rgba(249,249,249,0)&quot; background_image=&quot;https:\/\/msm-may.com\/wp-content\/uploads\/2023\/04\/stage-4.jpg&quot; background_position=&quot;bottom_center&quot; custom_padding=&quot;20px||20px||true|false&quot; custom_padding_tablet=&quot;0px||||false|false&quot; custom_padding_phone=&quot;&quot; background_last_edited=&quot;off|phone&quot; background_color_gradient_stops_tablet=&quot;#d7dced 60%|rgba(249,249,249,0) 60%&quot; background_color_gradient_stops_phone=&quot;#d7dced 80%|rgba(249,249,249,0) 80%&quot; background_color_gradient_start_position_tablet=&quot;60%&quot; background_color_gradient_start_position_phone=&quot;80%&quot; background_color_gradient_end_position_tablet=&quot;60%&quot; background_color_gradient_end_position_phone=&quot;80%&quot; box_shadow_horizontal_tablet=&quot;0vw&quot; box_shadow_horizontal_phone=\u201d\u201d box_shadow_horizontal_last_edited=\u201don|phone\u201d global_colors_info=\u201d{}\u201d][et_pb_row _builder_version=\u201d4.20.4\u2033 background_enable_image=\u201doff\u201d background_size=\u201dcustom\u201d background_image_width=\u201d80px\u201d background_position=\u201dtop_left\u201d custom_padding=\u201c0px||||false|false\u201d global_colors_info=\u201d{}\u201d][et_pb_column type=\u201d4_4\u2033 _builder_version=\u201d4.16\u2033 global_colors_info=\u201d{}\u201d][et_pb_image src=\u201dhttps:\/\/msm-may.com\/wp-content\/uploads\/2023\/04\/logo-1.png\u201d title_text=\u201dlogo\u201d url=\u201dhttps:\/\/msm-may.com\/\u201d _builder_version=\u201d4.22.1\u2033 _module_preset=\u201ddefault\u201d max_width=\u201d60px\u201d global_colors_info=\u201d{}\u201d][\/et_pb_image][et_pb_text _builder_version=\u201d4.22.1\u2033 text_font=\u201cRoboto||||||||\u201c header_font=\u201cTitillium Web|700|||||||\u201c header_text_color=&quot;#FFFFFF&quot; header_font_size=&quot;75px&quot; header_line_height=&quot;1.4em&quot; header_2_font=&quot;Titillium Web||||||||&quot; header_2_text_color=&quot;#FFFFFF&quot; header_2_font_size=&quot;40px&quot; header_2_line_height=&quot;1.6em&quot; header_3_font=&quot;Titillium Web||||||||&quot; header_3_text_color=&quot;#FFFFFF&quot; header_3_font_size=&quot;40px&quot; header_3_line_height=&quot;1.6em&quot; background_enable_image=&quot;off&quot; background_size=&quot;custom&quot; background_image_width=&quot;100px&quot; background_position=&quot;top_left&quot; custom_padding=&quot;0px||0px||false|false&quot; header_font_size_tablet=\u201d50px\u201d header_font_size_phone=\u201d30px\u201d header_font_size_last_edited=\u201don|phone\u201d global_colors_info=\u201d{}\u201d]<\/p>\n<h1>imprimer<\/h1>\n<p>[\/et_pb_text]Modifier background_size=&quot;contain&quot; background_position=&quot;center_left&quot; custom_padding=&quot;||110px||false|false&quot; custom_padding_tablet=&quot;||48px||false|false&quot; custom_padding_phone=&quot;&quot; locked=&quot;off&quot; global_colors_info=&quot;{}&quot;][et_pb_row column_structure=&quot;3_5,2_5\u2033 custom_padding_last_edited=\u201con|phone\u201d _builder_version=\u201c4.22.1\u2033 custom_padding=\u201c||||false|false\u201c custom_padding_tablet=\u201c|||0vw|false|false\u201c custom_padding_phone=\u201c\u201c locked=\u201coff\u201c global_colors_info=\u201c{}\u201c][et_pb_column type=\u201c3_5\u2033 _builder_version=\u201c4.16\u2033 global_colors_info=\u201c{}\u201c][et_pb_text _builder_version=\u201c4.27.2\u2033 text_font=\u201cTitillium Web||||||||\u201c text_text_color=&quot;#706f6f&quot; text_font_size=&quot;19px&quot; text_line_height=&quot;1.8em&quot; header_2_font=&quot;Titillium Web|700|||||||&quot; header_2_font_size=&quot;40px&quot; header_2_line_height=&quot;1.4em&quot; header_3_font=&quot;Titillium Web|700|||||||&quot; header_3_text_color=\u201c#2461a4\u2033 header_3_font_size=\u201c18px\u201c header_3_line_height=\u201c1.6em\u201c hover_enabled=\u201c0\u2033 text_font_size_tablet=\u201c18px\u201c text_font_size_phone=\u201c15px\u201c text_font_size_last_edited=\u201con|phone\u201c header_2_font_size_tablet=\u201d40px\u201d header_2_font_size_phone=\u201d25px\u201d header_2_font_size_last_edited=\u201don|desktop\u201d global_colors_info=\u201d{}\u201d sticky_enabled=\u201d0\u2033]<div style=\"word-wrap: break-word;\">\r\n<p>MSM-May GmbH<br \/>\r\nPhilippstra\u00dfe 14<br \/>\r\nD-58579 Schalksm\u00fchle<\/p>\r\n\r\n<p>Registre du commerce : HRB : 4692<br \/>\r\nTribunal d&#039;enregistrement : tribunal de grande instance de L\u00fcdenscheid<\/p>\r\n\r\n<p><strong>Repr\u00e9sent\u00e9 par :<\/strong><br \/>\r\nNico May, Manfred May<\/p>\r\n\r\n<h2>Contact<\/h2>\r\n<p>T\u00e9l\u00e9phone : +49 (0) 2353 66 79 00 2<br \/>\r\nFax : +49 (0) 2353 6679 00 1<br \/>\r\nCourriel\u00a0: mail@msm-may.com<\/p>\r\n\r\n<h2>Num\u00e9ro de TVA<\/h2>\r\n<p>Num\u00e9ro d&#039;identification de taxe sur les ventes conform\u00e9ment \u00e0 l&#039;article 27a de la loi sur la taxe sur les ventes\u00a0:<br \/>\r\nNum\u00e9ro d&#039;identification TVA : DE812318068<\/p>\r\n\r\n<h2>Sources des images et graphiques utilis\u00e9s\u00a0:<\/h2>\r\n<p>Shutterstock.com<\/p>\r\n\r\n<h2>R\u00e8glement des diff\u00e9rends dans l&#039;UE<\/h2>\r\n<p>La Commission europ\u00e9enne met \u00e0 disposition une plateforme de r\u00e9solution des litiges en ligne (OS) : <a href=\"https:\/\/ec.europa.eu\/consumers\/odr\/\" target=\"_blank\" rel=\"noopener noreferrer\">https:\/\/ec.europa.eu\/consumers\/odr\/<\/a>.<br \/> Vous pouvez retrouver notre adresse email dans les mentions l\u00e9gales ci-dessus.<\/p>\r\n\r\n<h2>Conseil de r\u00e8glement des litiges de consommation\/arbitrage universel<\/h2>\r\n<p>Nous ne sommes ni dispos\u00e9s ni oblig\u00e9s de participer \u00e0 une proc\u00e9dure de r\u00e8glement des litiges devant un conseil d&#039;arbitrage des consommateurs.<\/p><\/div>[\/et_pb_text][\/et_pb_column][et_pb_column type=\u201c2_5\u2033 _builder_version=\u201c4.16\u2033 global_colors_info=\u201c{}\u201c][\/et_pb_column][\/et_pb_row][\/et_pb_section]<\/p>","protected":false},"excerpt":{"rendered":"<p>imprimer<div style=\"word-wrap: break-word;\">\r\n<p>MSM-May GmbH<br \/>\r\nPhilippstra\u00dfe 14<br \/>\r\nD-58579 Schalksm\u00fchle<\/p>\r\n\r\n<p>Registre du commerce : HRB : 4692<br \/>\r\nTribunal d&#039;enregistrement : tribunal de grande instance de L\u00fcdenscheid<\/p>\r\n\r\n<p><strong>Repr\u00e9sent\u00e9 par :<\/strong><br \/>\r\nNico May, Manfred May<\/p>\r\n\r\n<h2>Contact<\/h2>\r\n<p>T\u00e9l\u00e9phone : +49 (0) 2353 66 79 00 2<br \/>\r\nFax : +49 (0) 2353 6679 00 1<br \/>\r\nCourriel\u00a0: mail@msm-may.com<\/p>\r\n\r\n<h2>Num\u00e9ro de TVA<\/h2>\r\n<p>Num\u00e9ro d&#039;identification de taxe sur les ventes conform\u00e9ment \u00e0 l&#039;article 27a de la loi sur la taxe sur les ventes\u00a0:<br \/>\r\nNum\u00e9ro d&#039;identification TVA : DE812318068<\/p>\r\n\r\n<h2>Sources des images et graphiques utilis\u00e9s\u00a0:<\/h2>\r\n<p>Shutterstock.com<\/p>\r\n\r\n<h2>R\u00e8glement des diff\u00e9rends dans l&#039;UE<\/h2>\r\n<p>La Commission europ\u00e9enne met \u00e0 disposition une plateforme de r\u00e9solution des litiges en ligne (OS) : <a href=\"https:\/\/ec.europa.eu\/consumers\/odr\/\" target=\"_blank\" rel=\"noopener noreferrer\">https:\/\/ec.europa.eu\/consumers\/odr\/<\/a>.<br \/> Vous pouvez retrouver notre adresse email dans les mentions l\u00e9gales ci-dessus.<\/p>\r\n\r\n<h2>Conseil de r\u00e8glement des litiges de consommation\/arbitrage universel<\/h2>\r\n<p>Nous ne sommes ni dispos\u00e9s ni oblig\u00e9s de participer \u00e0 une proc\u00e9dure de r\u00e8glement des litiges devant un conseil d&#039;arbitrage des consommateurs.<\/p><\/div><\/p>","protected":false},"author":1,"featured_media":0,"parent":0,"menu_order":0,"comment_status":"closed","ping_status":"closed","template":"","meta":{"_et_pb_use_builder":"on","_et_pb_old_content":"","_et_gb_content_width":"","footnotes":""},"class_list":["post-375","page","type-page","status-publish","hentry"],"yoast_head":"<!-- This site is optimized with the Yoast SEO plugin v27.2 - https:\/\/yoast.com\/product\/yoast-seo-wordpress\/ -->\n<title>Impressum der MSM-May GmbH | Unternehmensinformationen<\/title>\n<meta name=\"description\" content=\"Rechtliche Hinweise und Kontaktinformationen (Standort, Telefon und E-Mail) der MSM-May GmbH. Alles Wichtige auf einen Blick.\" \/>\n<meta name=\"robots\" content=\"index, follow, max-snippet:-1, max-image-preview:large, max-video-preview:-1\" \/>\n<link rel=\"canonical\" href=\"https:\/\/msm-may.com\/fr\/impressum\/\" \/>\n<meta property=\"og:locale\" content=\"fr_FR\" \/>\n<meta property=\"og:type\" content=\"article\" \/>\n<meta property=\"og:title\" content=\"Impressum der MSM-May GmbH | Unternehmensinformationen\" \/>\n<meta property=\"og:description\" content=\"Rechtliche Hinweise und Kontaktinformationen (Standort, Telefon und E-Mail) der MSM-May GmbH. Alles Wichtige auf einen Blick.\" \/>\n<meta property=\"og:url\" content=\"https:\/\/msm-may.com\/fr\/impressum\/\" \/>\n<meta property=\"og:site_name\" content=\"MSM - May GmbH\" \/>\n<meta property=\"article:modified_time\" content=\"2024-10-28T10:19:02+00:00\" \/>\n<meta name=\"twitter:card\" content=\"summary_large_image\" \/>\n<meta name=\"twitter:label1\" content=\"Dur\u00e9e de lecture estim\u00e9e\" \/>\n\t<meta name=\"twitter:data1\" content=\"3 minutes\" \/>\n<script type=\"application\/ld+json\" class=\"yoast-schema-graph\">{\"@context\":\"https:\/\/schema.org\",\"@graph\":[{\"@type\":\"WebPage\",\"@id\":\"https:\/\/msm-may.com\/impressum\/\",\"url\":\"https:\/\/msm-may.com\/impressum\/\",\"name\":\"Impressum der MSM-May GmbH | Unternehmensinformationen\",\"isPartOf\":{\"@id\":\"https:\/\/msm-may.com\/#website\"},\"datePublished\":\"2023-09-19T10:01:35+00:00\",\"dateModified\":\"2024-10-28T10:19:02+00:00\",\"description\":\"Rechtliche Hinweise und Kontaktinformationen (Standort, Telefon und E-Mail) der MSM-May GmbH. Alles Wichtige auf einen Blick.\",\"breadcrumb\":{\"@id\":\"https:\/\/msm-may.com\/impressum\/#breadcrumb\"},\"inLanguage\":\"fr-FR\",\"potentialAction\":[{\"@type\":\"ReadAction\",\"target\":[\"https:\/\/msm-may.com\/impressum\/\"]}]},{\"@type\":\"BreadcrumbList\",\"@id\":\"https:\/\/msm-may.com\/impressum\/#breadcrumb\",\"itemListElement\":[{\"@type\":\"ListItem\",\"position\":1,\"name\":\"Startseite\",\"item\":\"https:\/\/msm-may.com\/\"},{\"@type\":\"ListItem\",\"position\":2,\"name\":\"Impressum\"}]},{\"@type\":\"WebSite\",\"@id\":\"https:\/\/msm-may.com\/#website\",\"url\":\"https:\/\/msm-may.com\/\",\"name\":\"MSM - May GmbH\",\"description\":\"Spezialist f\u00fcr Biomasse-Feuerungen\",\"potentialAction\":[{\"@type\":\"SearchAction\",\"target\":{\"@type\":\"EntryPoint\",\"urlTemplate\":\"https:\/\/msm-may.com\/?s={search_term_string}\"},\"query-input\":{\"@type\":\"PropertyValueSpecification\",\"valueRequired\":true,\"valueName\":\"search_term_string\"}}],\"inLanguage\":\"fr-FR\"}]}<\/script>\n<!-- \/ Yoast SEO plugin. -->","yoast_head_json":{"title":"Impressum der MSM-May GmbH | Unternehmensinformationen","description":"Rechtliche Hinweise und Kontaktinformationen (Standort, Telefon und E-Mail) der MSM-May GmbH. Alles Wichtige auf einen Blick.","robots":{"index":"index","follow":"follow","max-snippet":"max-snippet:-1","max-image-preview":"max-image-preview:large","max-video-preview":"max-video-preview:-1"},"canonical":"https:\/\/msm-may.com\/fr\/impressum\/","og_locale":"fr_FR","og_type":"article","og_title":"Impressum der MSM-May GmbH | Unternehmensinformationen","og_description":"Rechtliche Hinweise und Kontaktinformationen (Standort, Telefon und E-Mail) der MSM-May GmbH. Alles Wichtige auf einen Blick.","og_url":"https:\/\/msm-may.com\/fr\/impressum\/","og_site_name":"MSM - May GmbH","article_modified_time":"2024-10-28T10:19:02+00:00","twitter_card":"summary_large_image","twitter_misc":{"Dur\u00e9e de lecture estim\u00e9e":"3 minutes"},"schema":{"@context":"https:\/\/schema.org","@graph":[{"@type":"WebPage","@id":"https:\/\/msm-may.com\/impressum\/","url":"https:\/\/msm-may.com\/impressum\/","name":"Impressum der MSM-May GmbH | Unternehmensinformationen","isPartOf":{"@id":"https:\/\/msm-may.com\/#website"},"datePublished":"2023-09-19T10:01:35+00:00","dateModified":"2024-10-28T10:19:02+00:00","description":"Rechtliche Hinweise und Kontaktinformationen (Standort, Telefon und E-Mail) der MSM-May GmbH. Alles Wichtige auf einen Blick.","breadcrumb":{"@id":"https:\/\/msm-may.com\/impressum\/#breadcrumb"},"inLanguage":"fr-FR","potentialAction":[{"@type":"ReadAction","target":["https:\/\/msm-may.com\/impressum\/"]}]},{"@type":"BreadcrumbList","@id":"https:\/\/msm-may.com\/impressum\/#breadcrumb","itemListElement":[{"@type":"ListItem","position":1,"name":"Startseite","item":"https:\/\/msm-may.com\/"},{"@type":"ListItem","position":2,"name":"Impressum"}]},{"@type":"WebSite","@id":"https:\/\/msm-may.com\/#website","url":"https:\/\/msm-may.com\/","name":"MSM - May GmbH","description":"Spezialist f\u00fcr Biomasse-Feuerungen","potentialAction":[{"@type":"SearchAction","target":{"@type":"EntryPoint","urlTemplate":"https:\/\/msm-may.com\/?s={search_term_string}"},"query-input":{"@type":"PropertyValueSpecification","valueRequired":true,"valueName":"search_term_string"}}],"inLanguage":"fr-FR"}]}},"_links":{"self":[{"href":"https:\/\/msm-may.com\/fr\/wp-json\/wp\/v2\/pages\/375","targetHints":{"allow":["GET"]}}],"collection":[{"href":"https:\/\/msm-may.com\/fr\/wp-json\/wp\/v2\/pages"}],"about":[{"href":"https:\/\/msm-may.com\/fr\/wp-json\/wp\/v2\/types\/page"}],"author":[{"embeddable":true,"href":"https:\/\/msm-may.com\/fr\/wp-json\/wp\/v2\/users\/1"}],"replies":[{"embeddable":true,"href":"https:\/\/msm-may.com\/fr\/wp-json\/wp\/v2\/comments?post=375"}],"version-history":[{"count":10,"href":"https:\/\/msm-may.com\/fr\/wp-json\/wp\/v2\/pages\/375\/revisions"}],"predecessor-version":[{"id":816,"href":"https:\/\/msm-may.com\/fr\/wp-json\/wp\/v2\/pages\/375\/revisions\/816"}],"wp:attachment":[{"href":"https:\/\/msm-may.com\/fr\/wp-json\/wp\/v2\/media?parent=375"}],"curies":[{"name":"wp","href":"https:\/\/api.w.org\/{rel}","templated":true}]}}