{"id":456,"date":"2024-04-03T15:11:49","date_gmt":"2024-04-03T13:11:49","guid":{"rendered":"https:\/\/kunden.weissblaumedia.de\/msm-may\/?page_id=456"},"modified":"2024-10-11T14:34:35","modified_gmt":"2024-10-11T12:34:35","slug":"steuerungssysteme","status":"publish","type":"page","link":"https:\/\/msm-may.com\/fr\/steuerungssysteme\/","title":{"rendered":"pilotage"},"content":{"rendered":"<p>[et_pb_section fb_built=\u201d1\u2033 custom_padding_last_edited=\u201don|tablet\u201d admin_label=\u201dHeader\u201d _builder_version=\u201d4.24.3\u2033 background_color=\u201d#000000\u2033 use_background_color_gradient=\u201don\u201d background_color_gradient_direction=\u201d37deg\u201d background_color_gradient_stops=&quot;rgba(0,0,0,0.83) 32%|rgba(249,249,249,0) 70%&quot; background_color_gradient_overlays_image=&quot;on&quot; background_color_gradient_start=&quot;#d7dced&quot; background_color_gradient_start_position=&quot;46%&quot; background_color_gradient_end=&quot;rgba(249,249,249,0)&quot; background_image=&quot;https:\/\/msm-may.com\/wp-content\/uploads\/2024\/04\/steuers-kasten.jpg&quot; background_position=&quot;top_center&quot; custom_padding=&quot;20px||20px||true|false&quot; custom_padding_tablet=&quot;0px||||false|false&quot; custom_padding_phone=&quot;&quot; background_last_edited=&quot;off|phone&quot; background_color_gradient_stops_tablet=&quot;#d7dced 60%|rgba(249,249,249,0) 60%&quot; background_color_gradient_stops_phone=&quot;#d7dced 80%|rgba(249,249,249,0) 80%&quot; background_color_gradient_start_position_tablet=&quot;60%&quot; background_color_gradient_start_position_phone=&quot;80%&quot; background_color_gradient_end_position_tablet=&quot;60%&quot; background_color_gradient_end_position_phone=&quot;80%&quot; box_shadow_horizontal_tablet=&quot;0vw&quot; box_shadow_horizontal_phone=\u201d\u201d box_shadow_horizontal_last_edited=\u201don|phone\u201d global_colors_info=\u201d{}\u201d][et_pb_row column_structure=\u201d2_3,1_3\u2033 custom_padding_last_edited=\u201don|phone\u201d _builder_version=\u201d4.23.1\u2033 background_enable_image=\u201doff\u201d background_size=\u201dcustom\u201d background_image_width=\u201c80px\u201d background_position=\u201ctop_left\u201d custom_padding=\u201c0px||100px||false|false\u201d custom_padding_tablet=\u201c0px||100px||false|false\u201d custom_padding_phone=\u201c0px||50px||false|false\u201d global_colors_info=\u201c{}\u201d][et_pb_column type=\u201c2_3\u2033 _builder_version=\u201c4.16\u2033 global_colors_info=\u201c{}\u201c][et_pb_image src=\u201chttps:\/\/msm-may.com\/wp-content\/uploads\/2023\/04\/logo-1.png\u201c title_text=\u201clogo\u201c url=\u201chttps:\/\/msm-may.com\/\u201c _builder_version=\u201c4.23.1\u2033 _module_preset=&quot;default&quot; max_width=\u201d60px\u201d global_colors_info=\u201d{}\u201d][\/et_pb_image][et_pb_text _builder_version=\u201d4.24.3\u2033 text_font=\u201dTitillium Web||||||||\u201d text_text_color=&quot;#FFFFFF&quot; text_font_size=&quot;19px&quot; header_font=&quot;Titillium Web|700|||||||&quot; header_text_color=&quot;#FFFFFF&quot; header_font_size=&quot;75px&quot; header_line_height=&quot;1.4em&quot; header_2_font=&quot;Titillium Web||||||||&quot; header_2_text_color=&quot;#FFFFFF&quot; header_2_font_size=&quot;40px&quot; header_2_line_height=&quot;1.6em&quot; header_3_font=&quot;Titillium Web||||||||&quot; header_3_text_color=&quot;#FFFFFF&quot; header_3_font_size=&quot;40px&quot; header_3_line_height=&quot;1.6em&quot; background_enable_image=&quot;off&quot; background_size=&quot;custom&quot; background_image_width=&quot;100px&quot; background_position=&quot;top_left&quot; custom_padding=&quot;0px||0px||false|false&quot; text_font_size_tablet=&quot;18px&quot; text_font_size_phone=&quot;15px&quot; text_font_size_last_edited=&quot;on|tablet&quot; header_font_size_tablet=&quot;50px&quot; header_font_size_phone=&quot;30px&quot; header_font_size_last_edited=&quot;on|phone&quot; global_colors_info=&quot;{}&quot;]<\/p>\n<h1>pilotage<\/h1>\n<p>Des performances constantes gr\u00e2ce \u00e0 un contr\u00f4le pr\u00e9cis du carburant\u00a0: nous proposons des commandes personnalis\u00e9es ou modernisons vos syst\u00e8mes existants.[\/et_pb_text][\/et_pb_column][et_pb_column type=\u201c1_3\u2033 _builder_version=\u201c4.16\u2033 global_colors_info=\u201c{}\u201c][\/et_pb_column][\/et_pb_row][\/et_pb_section][et_pb_section fb_built=\u201c1\u2033 custom_padding_last_edited=\u201coff|desktop\u201c admin_label=\u201cPromos\u201c _builder_version=\u201c4.23.1\u2033 background_enable_color=\u201coff\u201c background_enable_image=\u201coff\u201c background_size=\u201ccontain\u201c background_position=\u201ccenter_left\u201c custom_margin=\u201c||||false|false\u201c custom_padding=\u201d||||false|false\u201d custom_padding_tablet=\u201d||48px||false|false\u201d locked=\u201doff\u201d global_colors_info=\u201d{}\u201d][et_pb_row column_structure=\u201d1_2,1_2\u2033 custom_padding_last_edited=\u201don|phone\u201d _builder_version=\u201d4.24.3\u2033 custom_margin=&quot;||80px||false|false&quot; custom_margin_tablet=&quot;||0px||false|false&quot; custom_margin_phone=&quot;||0px||false|false&quot; custom_margin_last_edited=&quot;on|phone&quot; custom_padding=&quot;||||false|false&quot; custom_padding_tablet=\u201c|||0vw|false|false\u201c custom_padding_phone=\u201d10px||||false|false\u201d locked=\u201doff\u201d global_colors_info=\u201d{}\u201d][et_pb_column type=\u201d1_2\u2033 _builder_version=\u201d4.23.1\u2033 animation_style=\u201dslide\u201d animation_direction=\u201dleft\u201d global_colors_info=\u201d{}\u201d][et_pb_text _builder_version=\u201d4.24.3\u2033 text_font=\u201dTitillium Web||||||||\u201c text_text_color=&quot;#706f6f&quot; text_font_size=&quot;19px&quot; text_line_height=&quot;1.8em&quot; header_2_font=&quot;Titillium Web|700|||||||&quot; header_2_font_size=&quot;40px&quot; header_2_line_height=&quot;1.4em&quot; header_3_font=&quot;Titillium Web|700|||||||&quot; header_3_text_color=&quot;#2461a4\u2033 header_3_font_size=&quot;18px&quot; header_3_line_height=&quot;1.6em&quot; custom_margin=&quot;||10px||false|false&quot; text_font_size_tablet=&quot;19px&quot; text_font_size_phone=&quot;15px&quot; text_font_size_last_edited=&quot;on|phone&quot; header_2_font_size_tablet=&quot;40px&quot; header_2_font_size_phone=&quot;25px&quot; header_2_font_size_last_edited=&quot;sur|bureau&quot; global_colors_info=&quot;{}&quot;]<\/p>\n<h2>La solution MSM pour piloter votre syst\u00e8me de combustion<\/h2>\n<p>[\/et_pb_text][et_pb_text _builder_version=\u201c4.24.3\u2033 text_font=\u201cTitillium Web||||||||\u201c text_text_color=\u201c#706f6f\u201c text_font_size=\u201c19px\u201c text_line_height=\u201c1.8em\u201c text_font_size_tablet=\u201c18px\u201c text_font_size_phone=\u201c15px\u201c text_font_size_last_edited=\u201con|phone\u201c locked=\u201coff\u201c global_colors_info=\u201c{}\u201c]L&#039;efficacit\u00e9 de votre syst\u00e8me de combustion d\u00e9pend fortement de sa r\u00e9gulation. Seule une parfaite coordination de l&#039;alimentation en combustible, de l&#039;alimentation en air et des autres param\u00e8tres permet au br\u00fbleur de fonctionner de mani\u00e8re fiable et \u00e9conomique.[\/et_pb_text][\/et_pb_column][et_pb_column type=\u201c1_2\u2033 _builder_version=\u201c4.23.1\u2033 animation_style=\u201cslide\u201c animation_direction=\u201cright\u201c global_colors_info=\u201c{}\u201c][et_pb_image src=\u201dhttps:\/\/msm-may.com\/wp-content\/uploads\/2024\/04\/steuer-grafik.jpg\u201d title_text=\u201ccontrol-graphic\u201d _builder_version=\u201c4.24.3\u2033 _module_preset=\u201cdefault\u201d box_shadow_style=\u201cpreset4\u2033 box_shadow_horizontal=\u201c20px\u201d box_shadow_vertical=-20px\u201c box_shadow_color=&quot;#ED6C1D&quot; box_shadow_horizontal_tablet=&quot;20px&quot; box_shadow_horizontal_phone=&quot;10px&quot; box_shadow_horizontal_last_edited=&quot;on|phone&quot; box_shadow_vertical_tablet=&quot;20px&quot; box_shadow_vertical_phone=&quot;10px&quot; box_shadow_vertical_last_edited=&quot;on|phone&quot; global_colors_info=&quot;{}&quot;][\/et_pb_image][\/et_pb_column][\/et_pb_row][et_pb_row column_structure=&quot;1_2,1_2\u2033 custom_padding_last_edited=&quot;on|phone&quot; _builder_version=&quot;4.23.1\u2033 custom_padding=&quot;||||false|false&quot; custom_padding_tablet=&quot;|||0vw|false|false&quot; custom_padding_phone=&quot;0px||0px||false|false&quot; locked=&quot;off&quot; global_colors_info=&quot;{}&quot; custom_css_main_element_last_edited=&quot;on|phone&quot; custom_css_main_element_tablet=&quot;display: flex; flex-wrap: wrap;&quot; custom_css_main_element_phone=\u201cdisplay: flex; flex-wrap: wrap;&quot;][et_pb_column type=&quot;1_2\u2033 _builder_version=&quot;4.23.1\u2033 animation_style=&quot;slide&quot; animation_direction=&quot;left&quot; custom_css_main_element=&quot;order:2; \u201c global_colors_info=\u201d{}\u201d][et_pb_image src=\u201dhttps:\/\/msm-may.com\/wp-content\/uploads\/2024\/04\/controlles-systeme-msm-may.jpg\u201d title_text=\u201ccontrolles-systeme-msm-may\u201d _builder_version=\u201c4.24.3\u2033 _module_preset=\u201cdefault\u201c box_shadow_style=\u201dpreset4\u2033 box_shadow_horizontal=-20px\u201d box_shadow_vertical=-20px\u201d box_shadow_color=\u201d#ED6C1D\u201d box_shadow_horizontal_tablet=\u201d20px\u201d box_shadow_horizontal_phone=\u201d10px\u201d box_shadow_horizontal_last_edited=\u201don|phone\u201d box_shadow_vertical_tablet=-20px\u201d box_shadow_vertical_phone=-10px&quot; box_shadow_vertical_last_edited=&quot;on|phone&quot; global_colors_info=&quot;{}&quot;][\/et_pb_image][\/et_pb_column][et_pb_column type=&quot;1_2\u2033 _builder_version=&quot;4.23.1\u2033 animation_style=&quot;slide&quot; animation_direction=&quot;right&quot; custom_css_main_element=&quot;order:1; &quot; global_colors_info=&quot;{}&quot;][et_pb_text _builder_version=&quot;4.24.3\u2033 text_font=&quot;Titillium Web||||||||&quot; text_text_color=&quot;#706f6f&quot; text_font_size=&quot;19px&quot; text_line_height=&quot;1.8em&quot; header_2_font=&quot;Titillium Web|700|||||||&quot; header_2_font_size=&quot;40px&quot; header_2_line_height=&quot;1.4em&quot; header_3_font=&quot;Titillium Web|700|||||||&quot; header_3_text_color=\u201c#2461a4\u2033 header_3_font_size=\u201c18px\u201c header_3_line_height=\u201c1.6em\u201c custom_margin=\u201c||10px||false|false\u201c text_font_size_tablet=\u201c19px\u201c text_font_size_phone=\u201c15px\u201c text_font_size_last_edited=\u201con|phone\u201c Les syst\u00e8mes de contr\u00f4le modernes et largement automatis\u00e9s de MSM garantissent performance et s\u00e9curit\u00e9 \u00e0 votre entreprise. Nos collaborateurs v\u00e9rifient la compatibilit\u00e9 de tous les \u00e9l\u00e9ments du syst\u00e8me et de contr\u00f4le et effectuent les ajustements n\u00e9cessaires pour optimiser leur fonctionnalit\u00e9.<\/p>\n<p>La rentabilit\u00e9 et l&#039;efficacit\u00e9 sont des sources d&#039;inspiration tout aussi importantes pour nos employ\u00e9s que la durabilit\u00e9 et la fonctionnalit\u00e9. Et comme nous proposons des solutions particuli\u00e8rement flexibles, nos contr\u00f4leurs peuvent \u00eatre mis en \u0153uvre sur une vari\u00e9t\u00e9 de syst\u00e8mes, par exemple Siemens S7 ou Allan Bradley.[\/et_pb_text][et_pb_button button_url=\u201chttps:\/\/msm-may.com\/unternehmen\/\u201c button_text=\u201c\u00c0 propos de l&#039;entreprise\u201c _builder_version=\u201c4.25.0\u2033 custom_button=\u201con\u201c button_text_size=\u201c16px\u201c button_text_color=\u201c#FFFFFF\u201c button_bg_color=\u201c#2461a4\u2033 button_border_color=\u201c#2461a4\u2033 button_border_radius=\u201c100px\u201c button_font=\u201cTitillium Web|700|||||||\u201c custom_margin=\u201c40px||||false|false\u201d custom_margin_tablet=\u201c40px||40px||false|false\u201d custom_margin_phone=\u201c40px||40px||false|false\u201d custom_margin_last_edited=\u201con|phone\u201d custom_padding=&quot;15px|35px|15px|35px|true|true&quot; button_text_color_last_edited=&quot;off|phone&quot; locked=&quot;off&quot; global_colors_info=&quot;{}&quot; button_text_color__hover_enabled=&quot;on|desktop&quot; button_text_color__hover=&quot;#ffffff&quot; button_border_color__hover_enabled=&quot;on|hover&quot; button_border_color__hover=&quot;rgba(0,0,0,0)&quot; button_bg_color__hover_enabled=\u201con|hover\u201d button_bg_color__hover=\u201c#007dff\u201d button_bg_enable_color__hover=\u201con\u201d][\/et_pb_button][\/et_pb_column][\/et_pb_row][\/et_pb_section][et_pb_section fb_built=\u201c1\u2033 custom_padding_last_edited=&quot;on|phone&quot; admin_label=&quot;Header&quot; _builder_version=&quot;4.24.3\u2033 use_background_color_gradient=&quot;on&quot; background_color_gradient_direction=&quot;37deg&quot; background_color_gradient_stops=&quot;#ffffff 46%|rgba(249,249,249,0) 100%\u201c background_color_gradient_overlays_image=&quot;on&quot; background_color_gradient_start=&quot;#d7dced&quot; background_color_gradient_start_position=&quot;46%&quot; background_color_gradient_end=&quot;rgba(249,249,249,0)&quot; background_image=\u201dhttps:\/\/msm-may.com\/wp-content\/uploads\/2023\/04\/karriere-1.jpg\u201d custom_padding=\u201d100px||100px||true|false\u201d custom_padding_tablet=\u201c0px||110px||false|false\u201d custom_padding_phone=\u201c0px||110px||false|false\u201d background_last_edited=\u201con|tablet\u201d background_color_gradient_stops_tablet=\u201c#ffffff 46%|rgba(249,249,249,0) 100%&quot; background_color_gradient_start_tablet=&quot;#ffffff&quot; background_enable_image_phone=&quot;off&quot; box_shadow_horizontal_tablet=&quot;0vw&quot; box_shadow_horizontal_last_edited=&quot;off|desktop&quot; box_shadow_vertical_tablet=&quot;0vw&quot; box_shadow_vertical_last_edited=&quot;off|desktop&quot; locked=&quot;off&quot; global_colors_info=&quot;{}&quot;][et_pb_row column_structure=&quot;3_4,1_4\u2033 custom_padding_last_edited=&quot;on|phone&quot; _builder_version=&quot;4.24.3\u2033 background_color=\u201c#ED6C1D\u201c custom_margin=&quot;|auto|-300px|auto|false|false&quot; custom_margin_tablet=&quot;||0px||false|false&quot; custom_margin_phone=&quot;&quot; custom_margin_last_edited=&quot;on|tablet&quot; custom_padding=&quot;70px|48px|356px|48px|false|true&quot; custom_padding_tablet=&quot;40px|30px|40px|30px|true|true&quot; custom_padding_phone=&quot;|20px||20px|true|true&quot; mix_blend_mode=&quot;multiplier&quot; animation_style=&quot;diapositive&quot; animation_direction=&quot;bas&quot; mix_blend_mode_tablet=&quot;normal&quot; mix_blend_mode_phone=&quot;&quot; mix_blend_mode_last_edited=\u201con|desktop\u201d box_shadow_style=\u201cpreset3\u2033 box_shadow_vertical=\u201d80px\u201d box_shadow_blur=\u201d59px\u201d box_shadow_spread=-32px\u201d box_shadow_color=\u201drgba(0,0,0,0.12)\u201d global_colors_info=\u201d{}\u201d][et_pb_column type=\u201d3_4\u2033 _builder_version=\u201d4.16\u2033 global_colors_info=&quot;{}&quot;][et_pb_text content_tablet=&quot;<\/p>\n<h1>Votre contact chez MSM-May<\/h1>\n<p>&quot;content_phone=&quot;<\/p>\n<h2>Votre contact pour<\/h2>\n<h2>HSH mai<\/h2>\n<p>&quot; content_last_edited=&quot;sur|t\u00e9l\u00e9phone&quot; _builder_version=&quot;4.25.0\u2033 text_font=&quot;Roboto||||||||&quot; header_font=&quot;Titillium Web|700|||||||&quot; header_text_color=&quot;#ffffff&quot; header_font_size= \u00ab 55px \u00bb header_line_height = \u00ab 1,4em \u00bb header_2_font = \u00ab Titillium Web | background_layout = &quot;sombre&quot; header_font_size_tablet=&quot;50px&quot; header_font_size_phone=&quot;26px&quot; header_font_size_last_edited=&quot;sur|bureau&quot; header_2_font_size_tablet=&quot;50px&quot; header_2_font_size_phone=&quot;26px&quot; header_2_font_size_last_edited=&quot;sur|t\u00e9l\u00e9phone&quot; verrouill\u00e9=&quot;off&quot; global_colors_info=&quot;{}&quot;]<\/p>\n<h2>Votre contact chez MSM-May<\/h2>\n<p>[\/et_pb_text]Modifier button_bg_color=&quot;#FFFFFF&quot; button_border_width=&quot;0px&quot; button_border_radius=&quot;100px&quot; button_font=&quot;|700|||||||&quot; custom_margin=&quot;||||false|false&quot; custom_padding=&quot;15px|35px|15px|35px|true|true&quot; button_text_color_last_edited=&quot;off|t\u00e9l\u00e9phone&quot; locked=&quot;off&quot; global_colors_info=&quot;{}&quot; button_text_color__hover_enabled=&quot;on|bureau&quot; button_text_color__hover=&quot;#ffffff&quot; button_bg_color__hover_enabled=\u201con|hover\u201d button_bg_color__hover=\u201c#0063ef\u201d button_bg_enable_color__hover=\u201con\u201d][\/et_pb_button][\/et_pb_column][et_pb_column type=\u201c1_4\u2033 _builder_version=\u201c4.16\u2033 global_colors_info=\u201d{}\u201d][et_pb_image src=\u201dhttps:\/\/msm-may.com\/wp-content\/uploads\/2023\/04\/kontrolle.png\u201d title_text=\u201ccontrol-icon\u201d disabled_on=\u201con|on|off\u201d _builder_version=\u201c4.24.3\u2033 _module_preset=\u201cdefault\u201c global_colors_info=\u201d{}\u201d][\/et_pb_image][\/et_pb_column][\/et_pb_row][et_pb_row column_structure=\u201d3_5,2_5\u2033 custom_padding_last_edited=\u201don|phone\u201d _builder_version=\u201d4.23.1\u2033 background_color=\u201d#ffffff\u201d transform_scale_tablet=\u201d\u201d transform_scale_phone=&quot;&quot; transform_scale_last_edited=&quot;on|tablet&quot; transform_translate=-4%|0px&quot; transform_translate_tablet=&quot;0%|0px&quot; transform_translate_phone=&quot;&quot; transform_translate_last_edited=&quot;on|tablet&quot; transform_translate_linked=&quot;off&quot; transform_rotate_tablet=&quot;&quot; transform_rotate_phone=&quot;&quot; transform_rotate_last_edited=&quot;on|tablet&quot; transform_skew_tablet=&quot;&quot; transform_skew_phone=\u201d\u201d transform_skew_last_edited=\u201don|tablet\u201d transform_origin_tablet=\u201d\u201d transform_origin_phone=\u201d\u201d transform_origin_last_edited=\u201don|tablet\u201d transform_styles_last_edited=\u201don|tablet\u201d custom_margin=\u201d||||false|false\u201d custom_padding=&quot;30px|48px|30px|48px|true|true&quot; custom_padding_tablet=&quot;|30px||30px|true|true&quot; custom_padding_phone=&quot;|0px||0px|true|true&quot; animation_style=&quot;slide&quot; animation_direction=&quot;bottom&quot; transform_styles_tablet=&quot;&quot; transform_styles_phone=&quot;&quot; box_shadow_style=&quot;preset3\u2033 box_shadow_vertical=&quot;80px&quot; box_shadow_blur=\u201d59px\u201d box_shadow_spread=-32px\u201d box_shadow_color=\u201drgba(0,0,0,0)\u201d locked=\u201doff\u201d global_colors_info=\u201d{}\u201d][et_pb_column type=\u201d3_5\u2033 _builder_version=\u201d4.16\u2033 global_colors_info=\u201d{}\u201d][et_pb_text _builder_version=\u201c4.24.3\u2033 text_font=\u201cRoboto||||||||\u201c header_2_font=\u201cTitillium Web|700|||||||\u201c header_2_font_size=&quot;35px&quot; header_2_line_height=&quot;1.4em&quot; header_3_font=&quot;Titillium Web|700|||||||&quot; header_3_text_color=&quot;#2461a4\u2033 header_3_font_size=&quot;18px&quot; header_3_line_height=&quot;1.6em&quot; max_width=&quot;600px&quot; custom_margin=&quot;||0px||false|false&quot; custom_padding=&quot;||||false|false&quot; header_2_font_size_tablet=\u201d40px\u201d header_2_font_size_phone=\u201d25px\u201d header_2_font_size_last_edited=\u201don|desktop\u201d global_colors_info=\u201d{}\u201d]<\/p>\n<h3>Votre syst\u00e8me de contr\u00f4le de MSM-May<\/h3>\n<h2><strong>Fuyez avec nous !<\/strong><\/h2>\n<p>[\/et_pb_text][et_pb_text _builder_version=\u201c4.24.3\u2033 text_font=\u201cTitillium Web||||||||\u201c Besoin d&#039;un expert pour convertir votre syst\u00e8me de contr\u00f4le de br\u00fbleur en syst\u00e8me de contr\u00f4le PLC\u00a0? Nous serons ravis d&#039;int\u00e9grer toutes les nouvelles fonctionnalit\u00e9s \u00e0 vos composants existants ou de concevoir le syst\u00e8me de contr\u00f4le pr\u00e9cis\u00e9ment selon vos besoins, y compris les contr\u00f4les de s\u00e9curit\u00e9 et le transfert de donn\u00e9es assist\u00e9 par logiciel.[\/et_pb_text][\/et_pb_column][et_pb_column type=\u201c2_5\u2033 _builder_version=\u201c4.16\u2033 global_colors_info=\u201c{}\u201c][et_pb_image src=\u201dhttps:\/\/msm-may.com\/wp-content\/uploads\/2024\/04\/team-msm-may.jpg\u201d title_text=\u201dteam-msm-may\u201d _builder_version=\u201d4.23.1\u2033 _module_preset=\u201ddefault\u201d global_colors_info=&quot;{}&quot;][\/et_pb_image][\/et_pb_column][\/et_pb_row][\/et_pb_section]<\/p>","protected":false},"excerpt":{"rendered":"<p>Contr\u00f4le\u00a0: Des performances constantes gr\u00e2ce \u00e0 une r\u00e9gulation pr\u00e9cise du combustible\u00a0: nous proposons des syst\u00e8mes de contr\u00f4le sur mesure ou modernisons vos syst\u00e8mes existants. La solution MSM pour le contr\u00f4le de votre syst\u00e8me de combustion. L&#039;efficacit\u00e9 de votre syst\u00e8me de combustion d\u00e9pend fortement de son syst\u00e8me de contr\u00f4le. Seule une parfaite coordination de l&#039;alimentation en combustible, de l&#039;alimentation en air et des autres param\u00e8tres permet au br\u00fbleur de fonctionner de mani\u00e8re fiable et \u00e9conomique. Syst\u00e8mes de contr\u00f4le modernes et largement automatis\u00e9s de [\u2026]<\/p>","protected":false},"author":1,"featured_media":0,"parent":0,"menu_order":0,"comment_status":"closed","ping_status":"closed","template":"","meta":{"_et_pb_use_builder":"on","_et_pb_old_content":"","_et_gb_content_width":"","footnotes":""},"class_list":["post-456","page","type-page","status-publish","hentry"],"yoast_head":"<!-- This site is optimized with the Yoast SEO plugin v27.2 - https:\/\/yoast.com\/product\/yoast-seo-wordpress\/ -->\n<title>Steuerungssysteme f\u00fcr pr\u00e4zise Brennerregelung | MSM-May<\/title>\n<meta name=\"description\" content=\"Effiziente Steuerungssysteme f\u00fcr optimale Brennerleistung. Individuell angepasst f\u00fcr sichere, wirtschaftliche Prozesssteuerung.\" \/>\n<meta name=\"robots\" content=\"index, follow, max-snippet:-1, max-image-preview:large, max-video-preview:-1\" \/>\n<link rel=\"canonical\" href=\"https:\/\/msm-may.com\/fr\/steuerungssysteme\/\" \/>\n<meta property=\"og:locale\" content=\"fr_FR\" \/>\n<meta property=\"og:type\" content=\"article\" \/>\n<meta property=\"og:title\" content=\"Steuerungssysteme f\u00fcr pr\u00e4zise Brennerregelung | MSM-May\" \/>\n<meta property=\"og:description\" content=\"Effiziente Steuerungssysteme f\u00fcr optimale Brennerleistung. Individuell angepasst f\u00fcr sichere, wirtschaftliche Prozesssteuerung.\" \/>\n<meta property=\"og:url\" content=\"https:\/\/msm-may.com\/fr\/steuerungssysteme\/\" \/>\n<meta property=\"og:site_name\" content=\"MSM - May GmbH\" \/>\n<meta property=\"article:modified_time\" content=\"2024-10-11T12:34:35+00:00\" \/>\n<meta name=\"twitter:card\" content=\"summary_large_image\" \/>\n<meta name=\"twitter:label1\" content=\"Dur\u00e9e de lecture estim\u00e9e\" \/>\n\t<meta name=\"twitter:data1\" content=\"3 minutes\" \/>\n<script type=\"application\/ld+json\" class=\"yoast-schema-graph\">{\"@context\":\"https:\/\/schema.org\",\"@graph\":[{\"@type\":\"WebPage\",\"@id\":\"https:\/\/msm-may.com\/steuerungssysteme\/\",\"url\":\"https:\/\/msm-may.com\/steuerungssysteme\/\",\"name\":\"Steuerungssysteme f\u00fcr pr\u00e4zise Brennerregelung | MSM-May\",\"isPartOf\":{\"@id\":\"https:\/\/msm-may.com\/#website\"},\"datePublished\":\"2024-04-03T13:11:49+00:00\",\"dateModified\":\"2024-10-11T12:34:35+00:00\",\"description\":\"Effiziente Steuerungssysteme f\u00fcr optimale Brennerleistung. Individuell angepasst f\u00fcr sichere, wirtschaftliche Prozesssteuerung.\",\"breadcrumb\":{\"@id\":\"https:\/\/msm-may.com\/steuerungssysteme\/#breadcrumb\"},\"inLanguage\":\"fr-FR\",\"potentialAction\":[{\"@type\":\"ReadAction\",\"target\":[\"https:\/\/msm-may.com\/steuerungssysteme\/\"]}]},{\"@type\":\"BreadcrumbList\",\"@id\":\"https:\/\/msm-may.com\/steuerungssysteme\/#breadcrumb\",\"itemListElement\":[{\"@type\":\"ListItem\",\"position\":1,\"name\":\"Startseite\",\"item\":\"https:\/\/msm-may.com\/\"},{\"@type\":\"ListItem\",\"position\":2,\"name\":\"Steuerung\"}]},{\"@type\":\"WebSite\",\"@id\":\"https:\/\/msm-may.com\/#website\",\"url\":\"https:\/\/msm-may.com\/\",\"name\":\"MSM - May GmbH\",\"description\":\"Spezialist f\u00fcr Biomasse-Feuerungen\",\"potentialAction\":[{\"@type\":\"SearchAction\",\"target\":{\"@type\":\"EntryPoint\",\"urlTemplate\":\"https:\/\/msm-may.com\/?s={search_term_string}\"},\"query-input\":{\"@type\":\"PropertyValueSpecification\",\"valueRequired\":true,\"valueName\":\"search_term_string\"}}],\"inLanguage\":\"fr-FR\"}]}<\/script>\n<!-- \/ Yoast SEO plugin. -->","yoast_head_json":{"title":"Steuerungssysteme f\u00fcr pr\u00e4zise Brennerregelung | MSM-May","description":"Effiziente Steuerungssysteme f\u00fcr optimale Brennerleistung. Individuell angepasst f\u00fcr sichere, wirtschaftliche Prozesssteuerung.","robots":{"index":"index","follow":"follow","max-snippet":"max-snippet:-1","max-image-preview":"max-image-preview:large","max-video-preview":"max-video-preview:-1"},"canonical":"https:\/\/msm-may.com\/fr\/steuerungssysteme\/","og_locale":"fr_FR","og_type":"article","og_title":"Steuerungssysteme f\u00fcr pr\u00e4zise Brennerregelung | MSM-May","og_description":"Effiziente Steuerungssysteme f\u00fcr optimale Brennerleistung. Individuell angepasst f\u00fcr sichere, wirtschaftliche Prozesssteuerung.","og_url":"https:\/\/msm-may.com\/fr\/steuerungssysteme\/","og_site_name":"MSM - May GmbH","article_modified_time":"2024-10-11T12:34:35+00:00","twitter_card":"summary_large_image","twitter_misc":{"Dur\u00e9e de lecture estim\u00e9e":"3 minutes"},"schema":{"@context":"https:\/\/schema.org","@graph":[{"@type":"WebPage","@id":"https:\/\/msm-may.com\/steuerungssysteme\/","url":"https:\/\/msm-may.com\/steuerungssysteme\/","name":"Steuerungssysteme f\u00fcr pr\u00e4zise Brennerregelung | MSM-May","isPartOf":{"@id":"https:\/\/msm-may.com\/#website"},"datePublished":"2024-04-03T13:11:49+00:00","dateModified":"2024-10-11T12:34:35+00:00","description":"Effiziente Steuerungssysteme f\u00fcr optimale Brennerleistung. Individuell angepasst f\u00fcr sichere, wirtschaftliche Prozesssteuerung.","breadcrumb":{"@id":"https:\/\/msm-may.com\/steuerungssysteme\/#breadcrumb"},"inLanguage":"fr-FR","potentialAction":[{"@type":"ReadAction","target":["https:\/\/msm-may.com\/steuerungssysteme\/"]}]},{"@type":"BreadcrumbList","@id":"https:\/\/msm-may.com\/steuerungssysteme\/#breadcrumb","itemListElement":[{"@type":"ListItem","position":1,"name":"Startseite","item":"https:\/\/msm-may.com\/"},{"@type":"ListItem","position":2,"name":"Steuerung"}]},{"@type":"WebSite","@id":"https:\/\/msm-may.com\/#website","url":"https:\/\/msm-may.com\/","name":"MSM - May GmbH","description":"Spezialist f\u00fcr Biomasse-Feuerungen","potentialAction":[{"@type":"SearchAction","target":{"@type":"EntryPoint","urlTemplate":"https:\/\/msm-may.com\/?s={search_term_string}"},"query-input":{"@type":"PropertyValueSpecification","valueRequired":true,"valueName":"search_term_string"}}],"inLanguage":"fr-FR"}]}},"_links":{"self":[{"href":"https:\/\/msm-may.com\/fr\/wp-json\/wp\/v2\/pages\/456","targetHints":{"allow":["GET"]}}],"collection":[{"href":"https:\/\/msm-may.com\/fr\/wp-json\/wp\/v2\/pages"}],"about":[{"href":"https:\/\/msm-may.com\/fr\/wp-json\/wp\/v2\/types\/page"}],"author":[{"embeddable":true,"href":"https:\/\/msm-may.com\/fr\/wp-json\/wp\/v2\/users\/1"}],"replies":[{"embeddable":true,"href":"https:\/\/msm-may.com\/fr\/wp-json\/wp\/v2\/comments?post=456"}],"version-history":[{"count":14,"href":"https:\/\/msm-may.com\/fr\/wp-json\/wp\/v2\/pages\/456\/revisions"}],"predecessor-version":[{"id":790,"href":"https:\/\/msm-may.com\/fr\/wp-json\/wp\/v2\/pages\/456\/revisions\/790"}],"wp:attachment":[{"href":"https:\/\/msm-may.com\/fr\/wp-json\/wp\/v2\/media?parent=456"}],"curies":[{"name":"wp","href":"https:\/\/api.w.org\/{rel}","templated":true}]}}