{"id":618,"date":"2024-04-22T17:14:40","date_gmt":"2024-04-22T15:14:40","guid":{"rendered":"https:\/\/kunden.weissblaumedia.de\/msm-may\/?page_id=618"},"modified":"2024-10-11T14:36:17","modified_gmt":"2024-10-11T12:36:17","slug":"vielen-dank-fuer-ihre-bewerbung","status":"publish","type":"page","link":"https:\/\/msm-may.com\/zh\/vielen-dank-fuer-ihre-bewerbung\/","title":{"rendered":"Vielen Dank f\u00fcr Ihre Bewerbung"},"content":{"rendered":"<p>[et_pb_section fb_built=\u201c1\u2033 custom_padding_last_edited=\u201con|tablet\u201c admin_label=\u201cHeader\u201c _builder_version=\u201c4.22.1\u2033 background_color=\u201c#000000\u2033 use_background_color_gradient=\u201con\u201c background_color_gradient_direction=\u201c37deg\u201c background_color_gradient_stops=\u201crgba(0,0,0,0.83) 32%|rgba(249,249,249,0) 70%\u201c background_color_gradient_overlays_image=\u201con\u201c background_color_gradient_start=\u201c#d7dced\u201c background_color_gradient_start_position=\u201c46%\u201c background_color_gradient_end=\u201crgba(249,249,249,0)\u201d background_image=\u201chttps:\/\/msm-may.com\/wp-content\/uploads\/2023\/04\/stage-4.jpg\u201d background_position=\u201cbottom_center\u201d custom_padding=\u201c20px||20px||true|false\u201d custom_padding_tablet=\u201c0px||||false|false\u201d custom_padding_phone=\u201c\u201c background_last_edited=\u201coff|phone\u201d background_color_gradient_stops_tablet=\u201c#d7dced 60%|rgba(249,249,249,0) 60%\u201c background_color_gradient_stops_phone=\u201c#d7dced 80%|rgba(249,249,249,0) 80%\u201c background_color_gradient_start_position_tablet=\u201c60%\u201c background_color_gradient_start_position_phone=\u201c80%\u201c background_color_gradient_end_position_tablet=\u201c60%\u201c background_color_gradient_end_position_phone=\u201c80%\u201c box_shadow_horizontal_tablet=\u201c0vw\u201c box_shadow_horizontal_phone=\u201c\u201c box_shadow_horizontal_last_edited=\u201con|phone\u201c global_colors_info=\u201c{}\u201c][et_pb_row _builder_version=\u201c4.20.4\u2033 background_enable_image=\u201coff\u201c background_size=\u201ccustom\u201c background_image_width=\u201c80px\u201c background_position=\u201ctop_left\u201c custom_padding=\u201c0px||||false|false\u201c global_colors_info=\u201c{}\u201c][et_pb_column type=\u201c4_4\u2033 _builder_version=\u201c4.16\u2033 global_colors_info=\u201c{}\u201c][et_pb_image src=\u201chttps:\/\/msm-may.com\/wp-content\/uploads\/2023\/04\/logo-1.png\u201c title_text=\u201clogo\u201c url=\u201chttps:\/\/msm-may.com\/\u201c _builder_version=\u201c4.22.1\u2033 _module_preset=\u201cdefault\u201c max_width=\u201c60px\u201c global_colors_info=\u201c{}\u201c][\/et_pb_image][et_pb_text _builder_version=\u201c4.24.3\u2033 text_font=\u201cRoboto||||||||\u201c header_font=\u201cTitillium Web|700|||||||\u201c header_text_color=\u201c#FFFFFF\u201c header_font_size=\u201c75px\u201c header_line_height=\u201c1.4em\u201c header_2_font=\u201cTitillium Web||||||||\u201c header_2_text_color=\u201c#FFFFFF\u201c header_2_font_size=\u201c40px\u201c header_2_line_height=\u201c1.6em\u201c header_3_font=\u201cTitillium Web||||||||\u201c header_3_text_color=\u201c#FFFFFF\u201c header_3_font_size=\u201c40px\u201c header_3_line_height=\u201c1.6em\u201c background_enable_image=\u201coff\u201c background_size=\u201ccustom\u201c background_image_width=\u201c100px\u201c background_position=\u201ctop_left\u201c custom_padding=\u201c0px||0px||false|false\u201c header_font_size_tablet=\u201c50px\u201c header_font_size_phone=\u201c30px\u201c header_font_size_last_edited=\u201con|phone\u201c global_colors_info=\u201c{}\u201c]<\/p>\n<h1>\u7f51\u4e0a\u7533\u8bf7<\/h1>\n<p>[\/et_pb_text][\/et_pb_column][\/et_pb_row][\/et_pb_section][et_pb_section fb_built=&#8220;1&#8243; custom_padding_last_edited=&#8220;on|tablet&#8220; admin_label=&#8220;Promos&#8220; _builder_version=&#8220;4.20.4&#8243; background_enable_color=&#8220;off&#8220; background_enable_image=&#8220;off&#8220; background_size=&#8220;contain&#8220; background_position=&#8220;center_left&#8220; custom_padding=&#8220;||110px||false|false&#8220; custom_padding_tablet=&#8220;||48px||false|false&#8220; custom_padding_phone=&#8220;&#8220; locked=&#8220;off&#8220; global_colors_info=&#8220;{}&#8220;][et_pb_row column_structure=&#8220;2_3,1_3&#8243; make_equal=&#8220;on&#8220; custom_padding_last_edited=&#8220;on|phone&#8220; _builder_version=&#8220;4.24.3&#8243; custom_padding=&#8220;||||false|false&#8220; custom_padding_tablet=&#8220;|||0vw|false|false&#8220; custom_padding_phone=&#8220;&#8220; locked=&#8220;off&#8220; global_colors_info=&#8220;{}&#8220;][et_pb_column type=&#8220;2_3&#8243; _builder_version=&#8220;4.16&#8243; global_colors_info=&#8220;{}&#8220;][et_pb_text _builder_version=&#8220;4.24.3&#8243; text_font=&#8220;Roboto||||||||&#8220; header_2_font=&#8220;Titillium Web|700|||||||&#8220; header_2_font_size=&#8220;35px&#8220; header_2_line_height=&#8220;1.4em&#8220; header_3_font=&#8220;Titillium Web|700|||||||&#8220; header_3_text_color=&#8220;#2461a4&#8243; header_3_font_size=&#8220;18px&#8220; header_3_line_height=&#8220;1.6em&#8220; max_width=&#8220;600px&#8220; custom_margin=&#8220;||0px||false|false&#8220; custom_padding=&#8220;||||false|false&#8220; header_2_font_size_tablet=&#8220;40px&#8220; header_2_font_size_phone=&#8220;25px&#8220; header_2_font_size_last_edited=&#8220;on|desktop&#8220; locked=&#8220;off&#8220; global_colors_info=&#8220;{}&#8220;]<\/p>\n<h3>\u7537\u540c\u6027\u604b\u8005\u4e94\u6708 <strong>\u4f5c\u4e3a\u96c7\u4e3b<\/strong><\/h3>\n<h2><strong>Vielen Dank f\u00fcr Ihre Bewerbung!<\/strong><\/h2>\n<p>[\/et_pb_text][et_pb_text _builder_version=&#8220;4.24.3&#8243; text_font=&#8220;Titillium Web||||||||&#8220; text_text_color=&#8220;#706f6f&#8220; text_font_size=&#8220;19px&#8220; text_line_height=&#8220;1.8em&#8220; max_width=&#8220;600px&#8220; text_font_size_tablet=&#8220;18px&#8220; text_font_size_phone=&#8220;15px&#8220; text_font_size_last_edited=&#8220;on|phone&#8220; locked=&#8220;off&#8220; global_colors_info=&#8220;{}&#8220;]Vielen Dank f\u00fcr Ihre Bewerbung und das unserem Unternehmen entgegen gebrachte Interesse. Wir versichern Ihnen, dass wir Ihre Bewerbung vertraulich behandeln werden.<\/p>\n<p>Die sorgf\u00e4ltige Pr\u00fcfung Ihrer Unterlagen wird etwas Zeit in Anspruch nehmen. Wir werden uns so bald wie m\u00f6glich mit Ihnen in Verbindung setzen.[\/et_pb_text][\/et_pb_column][et_pb_column type=&#8220;1_3&#8243; _builder_version=&#8220;4.24.3&#8243; background_color=&#8220;#2461A4&#8243; custom_padding=&#8220;30px|30px|30px|30px|true|true&#8220; global_colors_info=&#8220;{}&#8220;][et_pb_blurb title=&#8220;Ihr Ansprechpartner&#8220; image=&#8220;https:\/\/msm-may.com\/wp-content\/uploads\/2024\/04\/nico-may.jpg&#8220; icon_alignment=&#8220;left&#8220; _builder_version=&#8220;4.24.3&#8243; _module_preset=&#8220;default&#8220; header_level=&#8220;h2&#8243; header_font=&#8220;Titillium Web|700|||||||&#8220; header_text_color=&#8220;#FFFFFF&#8220; body_font=&#8220;Titillium Web||||||||&#8220; body_text_color=&#8220;#FFFFFF&#8220; body_font_size=&#8220;19px&#8220; body_font_size_tablet=&#8220;19px&#8220; body_font_size_phone=&#8220;15px&#8220; body_font_size_last_edited=&#8220;on|phone&#8220; global_colors_info=&#8220;{}&#8220;]<\/p>\n<p><strong>\u5c3c\u79d1\u00b7\u6885<\/strong><\/p>\n<p>MSM-May \u8463\u4e8b\u603b\u7ecf\u7406<\/p>\n<p>[\/et_pb_blurb][\/et_pb_column][\/et_pb_row][\/et_pb_section]<\/p>","protected":false},"excerpt":{"rendered":"<p>Online-BewerbungMSM-May als Arbeitgeber Vielen Dank f\u00fcr Ihre Bewerbung!Vielen Dank f\u00fcr Ihre Bewerbung und das unserem Unternehmen entgegen gebrachte Interesse. Wir versichern Ihnen, dass wir Ihre Bewerbung vertraulich behandeln werden. Die sorgf\u00e4ltige Pr\u00fcfung Ihrer Unterlagen wird etwas Zeit in Anspruch nehmen. Wir werden uns so bald wie m\u00f6glich mit Ihnen in Verbindung setzen.Nico May Gesch\u00e4ftsf\u00fchrer von [&hellip;]<\/p>","protected":false},"author":1,"featured_media":0,"parent":0,"menu_order":0,"comment_status":"closed","ping_status":"closed","template":"","meta":{"_et_pb_use_builder":"on","_et_pb_old_content":"","_et_gb_content_width":"","footnotes":""},"class_list":["post-618","page","type-page","status-publish","hentry"],"yoast_head":"<!-- This site is optimized with the Yoast SEO plugin v27.2 - https:\/\/yoast.com\/product\/yoast-seo-wordpress\/ -->\n<title>Bewerbung erhalten | Vielen Dank \u2013 MSM-May GmbH<\/title>\n<meta name=\"description\" content=\"Vielen Dank f\u00fcr Ihre Bewerbung \u00fcber unser Onlineformular! Wir pr\u00fcfen Ihre Unterlagen sorgf\u00e4ltig und melden uns bald bei Ihnen.\" \/>\n<meta name=\"robots\" content=\"index, follow, max-snippet:-1, max-image-preview:large, max-video-preview:-1\" \/>\n<link rel=\"canonical\" href=\"https:\/\/msm-may.com\/zh\/vielen-dank-fuer-ihre-bewerbung\/\" \/>\n<meta property=\"og:locale\" content=\"zh_CN\" \/>\n<meta property=\"og:type\" content=\"article\" \/>\n<meta property=\"og:title\" content=\"Bewerbung erhalten | Vielen Dank \u2013 MSM-May GmbH\" \/>\n<meta property=\"og:description\" content=\"Vielen Dank f\u00fcr Ihre Bewerbung \u00fcber unser Onlineformular! Wir pr\u00fcfen Ihre Unterlagen sorgf\u00e4ltig und melden uns bald bei Ihnen.\" \/>\n<meta property=\"og:url\" content=\"https:\/\/msm-may.com\/zh\/vielen-dank-fuer-ihre-bewerbung\/\" \/>\n<meta property=\"og:site_name\" content=\"MSM - May GmbH\" \/>\n<meta property=\"article:modified_time\" content=\"2024-10-11T12:36:17+00:00\" \/>\n<meta name=\"twitter:card\" content=\"summary_large_image\" \/>\n<meta name=\"twitter:label1\" content=\"\u9884\u8ba1\u9605\u8bfb\u65f6\u95f4\" \/>\n\t<meta name=\"twitter:data1\" content=\"1 \u5206\" \/>\n<script type=\"application\/ld+json\" class=\"yoast-schema-graph\">{\"@context\":\"https:\/\/schema.org\",\"@graph\":[{\"@type\":\"WebPage\",\"@id\":\"https:\/\/msm-may.com\/vielen-dank-fuer-ihre-bewerbung\/\",\"url\":\"https:\/\/msm-may.com\/vielen-dank-fuer-ihre-bewerbung\/\",\"name\":\"Bewerbung erhalten | Vielen Dank \u2013 MSM-May GmbH\",\"isPartOf\":{\"@id\":\"https:\/\/msm-may.com\/#website\"},\"datePublished\":\"2024-04-22T15:14:40+00:00\",\"dateModified\":\"2024-10-11T12:36:17+00:00\",\"description\":\"Vielen Dank f\u00fcr Ihre Bewerbung \u00fcber unser Onlineformular! Wir pr\u00fcfen Ihre Unterlagen sorgf\u00e4ltig und melden uns bald bei Ihnen.\",\"breadcrumb\":{\"@id\":\"https:\/\/msm-may.com\/vielen-dank-fuer-ihre-bewerbung\/#breadcrumb\"},\"inLanguage\":\"zh-Hans\",\"potentialAction\":[{\"@type\":\"ReadAction\",\"target\":[\"https:\/\/msm-may.com\/vielen-dank-fuer-ihre-bewerbung\/\"]}]},{\"@type\":\"BreadcrumbList\",\"@id\":\"https:\/\/msm-may.com\/vielen-dank-fuer-ihre-bewerbung\/#breadcrumb\",\"itemListElement\":[{\"@type\":\"ListItem\",\"position\":1,\"name\":\"Startseite\",\"item\":\"https:\/\/msm-may.com\/\"},{\"@type\":\"ListItem\",\"position\":2,\"name\":\"Vielen Dank f\u00fcr Ihre Bewerbung\"}]},{\"@type\":\"WebSite\",\"@id\":\"https:\/\/msm-may.com\/#website\",\"url\":\"https:\/\/msm-may.com\/\",\"name\":\"MSM - May GmbH\",\"description\":\"Spezialist f\u00fcr Biomasse-Feuerungen\",\"potentialAction\":[{\"@type\":\"SearchAction\",\"target\":{\"@type\":\"EntryPoint\",\"urlTemplate\":\"https:\/\/msm-may.com\/?s={search_term_string}\"},\"query-input\":{\"@type\":\"PropertyValueSpecification\",\"valueRequired\":true,\"valueName\":\"search_term_string\"}}],\"inLanguage\":\"zh-Hans\"}]}<\/script>\n<!-- \/ Yoast SEO plugin. -->","yoast_head_json":{"title":"Bewerbung erhalten | Vielen Dank \u2013 MSM-May GmbH","description":"Vielen Dank f\u00fcr Ihre Bewerbung \u00fcber unser Onlineformular! Wir pr\u00fcfen Ihre Unterlagen sorgf\u00e4ltig und melden uns bald bei Ihnen.","robots":{"index":"index","follow":"follow","max-snippet":"max-snippet:-1","max-image-preview":"max-image-preview:large","max-video-preview":"max-video-preview:-1"},"canonical":"https:\/\/msm-may.com\/zh\/vielen-dank-fuer-ihre-bewerbung\/","og_locale":"zh_CN","og_type":"article","og_title":"Bewerbung erhalten | Vielen Dank \u2013 MSM-May GmbH","og_description":"Vielen Dank f\u00fcr Ihre Bewerbung \u00fcber unser Onlineformular! Wir pr\u00fcfen Ihre Unterlagen sorgf\u00e4ltig und melden uns bald bei Ihnen.","og_url":"https:\/\/msm-may.com\/zh\/vielen-dank-fuer-ihre-bewerbung\/","og_site_name":"MSM - May GmbH","article_modified_time":"2024-10-11T12:36:17+00:00","twitter_card":"summary_large_image","twitter_misc":{"\u9884\u8ba1\u9605\u8bfb\u65f6\u95f4":"1 \u5206"},"schema":{"@context":"https:\/\/schema.org","@graph":[{"@type":"WebPage","@id":"https:\/\/msm-may.com\/vielen-dank-fuer-ihre-bewerbung\/","url":"https:\/\/msm-may.com\/vielen-dank-fuer-ihre-bewerbung\/","name":"Bewerbung erhalten | Vielen Dank \u2013 MSM-May GmbH","isPartOf":{"@id":"https:\/\/msm-may.com\/#website"},"datePublished":"2024-04-22T15:14:40+00:00","dateModified":"2024-10-11T12:36:17+00:00","description":"Vielen Dank f\u00fcr Ihre Bewerbung \u00fcber unser Onlineformular! Wir pr\u00fcfen Ihre Unterlagen sorgf\u00e4ltig und melden uns bald bei Ihnen.","breadcrumb":{"@id":"https:\/\/msm-may.com\/vielen-dank-fuer-ihre-bewerbung\/#breadcrumb"},"inLanguage":"zh-Hans","potentialAction":[{"@type":"ReadAction","target":["https:\/\/msm-may.com\/vielen-dank-fuer-ihre-bewerbung\/"]}]},{"@type":"BreadcrumbList","@id":"https:\/\/msm-may.com\/vielen-dank-fuer-ihre-bewerbung\/#breadcrumb","itemListElement":[{"@type":"ListItem","position":1,"name":"Startseite","item":"https:\/\/msm-may.com\/"},{"@type":"ListItem","position":2,"name":"Vielen Dank f\u00fcr Ihre Bewerbung"}]},{"@type":"WebSite","@id":"https:\/\/msm-may.com\/#website","url":"https:\/\/msm-may.com\/","name":"MSM - May GmbH","description":"Spezialist f\u00fcr Biomasse-Feuerungen","potentialAction":[{"@type":"SearchAction","target":{"@type":"EntryPoint","urlTemplate":"https:\/\/msm-may.com\/?s={search_term_string}"},"query-input":{"@type":"PropertyValueSpecification","valueRequired":true,"valueName":"search_term_string"}}],"inLanguage":"zh-Hans"}]}},"_links":{"self":[{"href":"https:\/\/msm-may.com\/zh\/wp-json\/wp\/v2\/pages\/618","targetHints":{"allow":["GET"]}}],"collection":[{"href":"https:\/\/msm-may.com\/zh\/wp-json\/wp\/v2\/pages"}],"about":[{"href":"https:\/\/msm-may.com\/zh\/wp-json\/wp\/v2\/types\/page"}],"author":[{"embeddable":true,"href":"https:\/\/msm-may.com\/zh\/wp-json\/wp\/v2\/users\/1"}],"replies":[{"embeddable":true,"href":"https:\/\/msm-may.com\/zh\/wp-json\/wp\/v2\/comments?post=618"}],"version-history":[{"count":3,"href":"https:\/\/msm-may.com\/zh\/wp-json\/wp\/v2\/pages\/618\/revisions"}],"predecessor-version":[{"id":792,"href":"https:\/\/msm-may.com\/zh\/wp-json\/wp\/v2\/pages\/618\/revisions\/792"}],"wp:attachment":[{"href":"https:\/\/msm-may.com\/zh\/wp-json\/wp\/v2\/media?parent=618"}],"curies":[{"name":"wp","href":"https:\/\/api.w.org\/{rel}","templated":true}]}}